{"id":398,"date":"2018-10-04T16:00:42","date_gmt":"2018-10-04T14:00:42","guid":{"rendered":"http:\/\/web054tc.vasst-coding.nl\/?page_id=398"},"modified":"2024-10-18T15:16:09","modified_gmt":"2024-10-18T13:16:09","slug":"privacybeleid","status":"publish","type":"page","link":"https:\/\/www.terracottatcm.com\/it\/politica-sulla-riservatezza\/","title":{"rendered":"politica sulla riservatezza"},"content":{"rendered":"<div data-elementor-type=\"wp-page\" data-elementor-id=\"398\" class=\"elementor elementor-398\" data-elementor-post-type=\"page\">\n\t\t\t\t\t\t<section class=\"elementor-section elementor-top-section elementor-element elementor-element-8554f4f bgblack sec1 elementor-section-boxed elementor-section-height-default elementor-section-height-default\" data-id=\"8554f4f\" data-element_type=\"section\" data-e-type=\"section\" data-settings=\"{&quot;background_background&quot;:&quot;classic&quot;}\">\n\t\t\t\t\t\t\t<div class=\"elementor-background-overlay\"><\/div>\n\t\t\t\t\t\t\t<div class=\"elementor-container elementor-column-gap-default\">\n\t\t\t\t\t<div class=\"elementor-column elementor-col-50 elementor-top-column elementor-element elementor-element-16e8aa9d\" data-id=\"16e8aa9d\" data-element_type=\"column\" data-e-type=\"column\" data-settings=\"{&quot;background_background&quot;:&quot;classic&quot;}\">\n\t\t\t<div class=\"elementor-widget-wrap elementor-element-populated\">\n\t\t\t\t\t\t\t<\/div>\n\t\t<\/div>\n\t\t\t\t<div class=\"elementor-column elementor-col-50 elementor-top-column elementor-element elementor-element-3add03a5\" data-id=\"3add03a5\" data-element_type=\"column\" data-e-type=\"column\">\n\t\t\t<div class=\"elementor-widget-wrap\">\n\t\t\t\t\t\t\t<\/div>\n\t\t<\/div>\n\t\t\t\t\t<\/div>\n\t\t<\/section>\n\t\t\t\t<section class=\"elementor-section elementor-top-section elementor-element elementor-element-52583454 elementor-section-full_width divider-inner elementor-section-height-default elementor-section-height-default\" data-id=\"52583454\" data-element_type=\"section\" data-e-type=\"section\" data-settings=\"{&quot;background_background&quot;:&quot;classic&quot;}\">\n\t\t\t\t\t\t<div class=\"elementor-container elementor-column-gap-default\">\n\t\t\t\t\t<div class=\"elementor-column elementor-col-100 elementor-top-column elementor-element elementor-element-784045a5\" data-id=\"784045a5\" data-element_type=\"column\" data-e-type=\"column\">\n\t\t\t<div class=\"elementor-widget-wrap elementor-element-populated\">\n\t\t\t\t\t\t<div class=\"elementor-element elementor-element-17b311a8 elementor-widget elementor-widget-spacer\" data-id=\"17b311a8\" data-element_type=\"widget\" data-e-type=\"widget\" data-widget_type=\"spacer.default\">\n\t\t\t\t<div class=\"elementor-widget-container\">\n\t\t\t\t\t\t\t<div class=\"elementor-spacer\">\n\t\t\t<div class=\"elementor-spacer-inner\"><\/div>\n\t\t<\/div>\n\t\t\t\t\t\t<\/div>\n\t\t\t\t<\/div>\n\t\t\t\t\t<\/div>\n\t\t<\/div>\n\t\t\t\t\t<\/div>\n\t\t<\/section>\n\t\t\t\t<section class=\"elementor-section elementor-top-section elementor-element elementor-element-17388e71 elementor-section-boxed elementor-section-height-default elementor-section-height-default\" data-id=\"17388e71\" data-element_type=\"section\" data-e-type=\"section\">\n\t\t\t\t\t\t<div class=\"elementor-container elementor-column-gap-default\">\n\t\t\t\t\t<div class=\"elementor-column elementor-col-100 elementor-top-column elementor-element elementor-element-76bd1546\" data-id=\"76bd1546\" data-element_type=\"column\" data-e-type=\"column\">\n\t\t\t<div class=\"elementor-widget-wrap elementor-element-populated\">\n\t\t\t\t\t\t<div class=\"elementor-element elementor-element-e6b0dfa elementor-widget elementor-widget-heading\" data-id=\"e6b0dfa\" data-element_type=\"widget\" data-e-type=\"widget\" data-widget_type=\"heading.default\">\n\t\t\t\t<div class=\"elementor-widget-container\">\n\t\t\t\t\t<h2 class=\"elementor-heading-title elementor-size-default\">Politica sulla riservatezza<\/h2>\t\t\t\t<\/div>\n\t\t\t\t<\/div>\n\t\t\t\t<div class=\"elementor-element elementor-element-12a3d63 elementor-widget elementor-widget-text-editor\" data-id=\"12a3d63\" data-element_type=\"widget\" data-e-type=\"widget\" data-widget_type=\"text-editor.default\">\n\t\t\t\t<div class=\"elementor-widget-container\">\n\t\t\t\t\t\t\t\t\t<p><strong>Terracotta TCM Europe BV<\/strong><br \/>Radhuisplein 4<br \/>2042LRZandvoort<br \/>I Paesi Bassi<br \/>+31 23 5713020<\/p>\n<p>L&#039;indirizzo del nostro sito web \u00e8: https:\/\/www.terracottatcm.com.<\/p>\n<p><strong>Quali dati personali raccogliamo e perch\u00e9 li raccogliamo<\/strong><\/p>\n<p><strong>Commenti<\/strong><\/p>\n<p>Quando i visitatori lasciano commenti sul sito, raccogliamo i dati mostrati nel modulo dei commenti, oltre all&#039;indirizzo IP del browser del visitatore e la stringa dello user agent per facilitare il rilevamento dello spam.<br \/>Una stringa anonima creata dal tuo indirizzo email (chiamata anche hash) pu\u00f2 essere fornita al servizio Gravatar per vedere se lo stai utilizzando. La privacy policy del servizio Gravatar \u00e8 disponibile qui: https:\/\/automattic.com\/privacy\/. Una volta approvato il tuo commento, la tua foto del profilo sar\u00e0 visibile al pubblico nel contesto del tuo commento.<\/p>\n<p><strong>Media<\/strong><\/p>\n<p>Se carichi immagini sul sito web, dovresti evitare di caricare immagini che includono i dati di posizione incorporati (EXIF GPS). I visitatori del sito Web possono scaricare ed estrarre qualsiasi dato sulla posizione dalle immagini sul sito Web.<\/p>\n<p><strong>Moduli di contatto<\/strong><\/p>\n<p>Quando i visitatori compilano il nostro modulo di contatto, la loro email e il loro nome appariranno nell&#039;email inviata agli amministratori del sito web. Queste informazioni vengono utilizzate solo per rispondere ai tuoi messaggi e non vengono mai condivise con nessun altro.<\/p>\n<p><strong>Biscotti<\/strong><\/p>\n<p>Se lasci un commento sul nostro sito, puoi scegliere di salvare il tuo nome, indirizzo email e sito web nei cookie. Questi sono per la tua comodit\u00e0 in modo che tu non debba inserire nuovamente i tuoi dati quando lasci un altro commento. Questi cookie vengono conservati per un anno.<\/p>\n<p>Quando visiti la nostra pagina di accesso, inseriamo un cookie temporaneo per determinare se il tuo browser accetta i cookie. Questo cookie non contiene dati personali e viene eliminato quando chiudi il browser.<\/p>\n<p>Quando accedi, imposteremo anche diversi cookie per salvare le tue informazioni di accesso e le tue scelte sullo schermo. I cookie di accesso vengono conservati per due giorni mentre i cookie di selezione dello schermo per un anno. Se selezioni \u201cRicordami\u201d, il tuo accesso persister\u00e0 per due settimane. Se esci dal tuo account, i cookie di accesso verranno eliminati.<\/p>\n<p>Se modifichi o pubblichi un articolo, un cookie aggiuntivo verr\u00e0 memorizzato nel tuo browser. Questo cookie non include dati personali e indica semplicemente l&#039;ID post dell&#039;articolo che hai appena modificato. Scade dopo 1 giorno.<\/p>\n<p><strong>Contenuti incorporati da altri siti web<\/strong><\/p>\n<p>Gli articoli su questo sito possono includere contenuti incorporati (ad esempio video, immagini, articoli, ecc.). I contenuti incorporati di altri siti web si comportano esattamente come se il visitatore avesse visitato l&#039;altro sito web.<\/p>\n<p>Questi siti Web di terze parti possono raccogliere dati su di te, utilizzare cookie, incorporare ulteriori tracciamenti di terze parti e monitorare la tua interazione con tali contenuti incorporati, incluso il tracciamento.<\/p>\n<p><strong>la tua interazione con il contenuto incorporato se hai un account e hai effettuato l&#039;accesso a quel sito web.<\/strong><\/p>\n<p><strong>Analitica<\/strong><\/p>\n<p>Utilizziamo l&#039;analisi Zoho per determinare quanti visitatori arrivano a questo sito, da quale regione del mondo provengono e quali pagine specifiche visitano.<\/p>\n<p><strong>Con chi condividiamo i tuoi dati?<\/strong><\/p>\n<p>Per gli utenti che si registrano su questo sito web, le loro informazioni personali come nome e indirizzo email saranno condivise con il webmaster e gli amministratori di questo sito allo scopo di tracciare chi visita la pagina dell&#039;account e per inviare aggiornamenti e\/o newsletter occasionali o altro campagne di marketing.<\/p>\n<p>Se un visitatore richiede di reimpostare la propria password, il suo indirizzo IP verr\u00e0 incluso nell&#039;e-mail di reimpostazione.<\/p>\n<p><strong>Per quanto tempo conserviamo i tuoi dati<\/strong><\/p>\n<p>Se un visitatore lascia un commento, il commento e i relativi metadati vengono conservati a tempo indeterminato. Questo ci consente di riconoscere e approvare automaticamente eventuali commenti successivi invece di tenerli in una coda di moderazione.<\/p>\n<p>Per gli utenti che si registrano sul nostro sito web, memorizziamo anche le informazioni personali che forniscono nel loro profilo utente. Tutti gli utenti possono vedere, modificare o eliminare le proprie informazioni personali in qualsiasi momento (tranne che non possono modificare il proprio nome utente).<\/p>\n<p>Gli amministratori del sito web possono anche vedere e modificare tali informazioni.<\/p>\n<p><strong>Che diritti hai sui tuoi dati?<\/strong><\/p>\n<p>Se un visitatore si \u00e8 registrato a questo sito o ha lasciato commenti, pu\u00f2 richiedere un file esportato con i dati personali che conserviamo su di lui, compresi i dati che ci ha fornito. Pu\u00f2 anche richiederci di cancellare i dati personali che conserviamo su di lui. Ci\u00f2 non si applica ai dati che siamo obbligati a conservare per scopi amministrativi, legali o di sicurezza.<\/p>\n<p><strong>Dove inviamo i tuoi dati<\/strong><\/p>\n<p>I commenti dei visitatori possono essere controllati attraverso un servizio di rilevamento automatico dello spam.<\/p>\n<p><strong>Le tue informazioni di contatto<\/strong><\/p>\n<p>Quando gli utenti compilano il modulo di contatto o si registrano per accedere al vademecum, raccogliamo le loro informazioni di contatto esclusivamente per tracciare chi visita il vademecum e per inviare aggiornamenti e\/o newsletter occasionali.<\/p>\n<p><strong>Ulteriori informazioni<\/strong><\/p>\n<p><strong>Come proteggiamo i tuoi dati<\/strong><\/p>\n<p>I dati dei visitatori vengono archiviati sui nostri server, che sono protetti con vari software di crittografia e anti-hacking.<br \/>Quali procedure utilizziamo in caso di violazione dei dati<br \/>In caso di violazione dei dati, i visitatori di cui abbiamo archiviato i dati verranno informati.<\/p>\n<p><strong>Quale processo decisionale automatizzato e\/o profilazione facciamo con i dati degli utenti<\/strong><\/p>\n<p>Un utente pu\u00f2 registrarsi per accedere alla pagina dell&#039;account su questo sito. Dopo aver inserito il proprio nome e indirizzo e-mail e aver fatto clic su &quot;invia&quot;, verranno automaticamente reindirizzati alla pagina dell&#039;account. Raccogliamo le loro informazioni di contatto esclusivamente per tracciare chi visita il sito web e per inviare aggiornamenti e\/o newsletter o campagne di marketing simili.<\/p>\n<p><strong>Requisiti di divulgazione normativa del settore<\/strong><\/p>\t\t\t\t\t\t\t\t<\/div>\n\t\t\t\t<\/div>\n\t\t\t\t\t<\/div>\n\t\t<\/div>\n\t\t\t\t\t<\/div>\n\t\t<\/section>\n\t\t\t\t<section class=\"elementor-section elementor-top-section elementor-element elementor-element-40c2a907 elementor-section-boxed elementor-section-height-default elementor-section-height-default\" data-id=\"40c2a907\" data-element_type=\"section\" data-e-type=\"section\">\n\t\t\t\t\t\t<div class=\"elementor-container elementor-column-gap-default\">\n\t\t\t\t\t<div class=\"elementor-column elementor-col-100 elementor-top-column elementor-element elementor-element-741b51f5\" data-id=\"741b51f5\" data-element_type=\"column\" data-e-type=\"column\">\n\t\t\t<div class=\"elementor-widget-wrap elementor-element-populated\">\n\t\t\t\t\t\t<div class=\"elementor-element elementor-element-37a52877 elementor-widget elementor-widget-spacer\" data-id=\"37a52877\" data-element_type=\"widget\" data-e-type=\"widget\" data-widget_type=\"spacer.default\">\n\t\t\t\t<div class=\"elementor-widget-container\">\n\t\t\t\t\t\t\t<div class=\"elementor-spacer\">\n\t\t\t<div class=\"elementor-spacer-inner\"><\/div>\n\t\t<\/div>\n\t\t\t\t\t\t<\/div>\n\t\t\t\t<\/div>\n\t\t\t\t\t<\/div>\n\t\t<\/div>\n\t\t\t\t\t<\/div>\n\t\t<\/section>\n\t\t\t\t<section class=\"elementor-section elementor-top-section elementor-element elementor-element-75fdb391 elementor-section-boxed elementor-section-height-default elementor-section-height-default\" data-id=\"75fdb391\" data-element_type=\"section\" data-e-type=\"section\">\n\t\t\t\t\t\t<div class=\"elementor-container elementor-column-gap-default\">\n\t\t\t\t\t<div class=\"elementor-column elementor-col-100 elementor-top-column elementor-element elementor-element-1e337e2d\" data-id=\"1e337e2d\" data-element_type=\"column\" data-e-type=\"column\">\n\t\t\t<div class=\"elementor-widget-wrap elementor-element-populated\">\n\t\t\t\t\t\t<div class=\"elementor-element elementor-element-75e3e10b elementor-widget elementor-widget-spacer\" data-id=\"75e3e10b\" data-element_type=\"widget\" data-e-type=\"widget\" data-widget_type=\"spacer.default\">\n\t\t\t\t<div class=\"elementor-widget-container\">\n\t\t\t\t\t\t\t<div class=\"elementor-spacer\">\n\t\t\t<div class=\"elementor-spacer-inner\"><\/div>\n\t\t<\/div>\n\t\t\t\t\t\t<\/div>\n\t\t\t\t<\/div>\n\t\t\t\t\t<\/div>\n\t\t<\/div>\n\t\t\t\t\t<\/div>\n\t\t<\/section>\n\t\t\t\t<\/div>","protected":false},"excerpt":{"rendered":"<p>Privacy beleid Terracotta TCM Europe B.V.Raadhuisplein 42042LR ZandvoortThe Netherlands+31 23 5713020 Ons website-adres is: https:\/\/www.terracottatcm.com. Welke persoonsgegevens we verzamelen en waarom we ze verzamelen Reacties Wanneer bezoekers commentaar achterlaten op de site verzamelen we de gegevens die in het commentaarformulier worden getoond, en ook het IP-adres en de gebruikersagentstring van de browser van de bezoeker [&hellip;]<\/p>\n","protected":false},"author":1,"featured_media":0,"parent":0,"menu_order":0,"comment_status":"closed","ping_status":"closed","template":"","meta":{"_acf_changed":false,"_seopress_robots_primary_cat":"","_seopress_titles_title":"","_seopress_titles_desc":"","_seopress_robots_index":"","footnotes":""},"class_list":["post-398","page","type-page","status-publish","hentry"],"acf":[],"_links":{"self":[{"href":"https:\/\/www.terracottatcm.com\/it\/wp-json\/wp\/v2\/pages\/398","targetHints":{"allow":["GET"]}}],"collection":[{"href":"https:\/\/www.terracottatcm.com\/it\/wp-json\/wp\/v2\/pages"}],"about":[{"href":"https:\/\/www.terracottatcm.com\/it\/wp-json\/wp\/v2\/types\/page"}],"author":[{"embeddable":true,"href":"https:\/\/www.terracottatcm.com\/it\/wp-json\/wp\/v2\/users\/1"}],"replies":[{"embeddable":true,"href":"https:\/\/www.terracottatcm.com\/it\/wp-json\/wp\/v2\/comments?post=398"}],"version-history":[{"count":0,"href":"https:\/\/www.terracottatcm.com\/it\/wp-json\/wp\/v2\/pages\/398\/revisions"}],"wp:attachment":[{"href":"https:\/\/www.terracottatcm.com\/it\/wp-json\/wp\/v2\/media?parent=398"}],"curies":[{"name":"parola chiave","href":"https:\/\/api.w.org\/{rel}","templated":true}]}}