{"id":398,"date":"2018-10-04T16:00:42","date_gmt":"2018-10-04T14:00:42","guid":{"rendered":"http:\/\/web054tc.vasst-coding.nl\/?page_id=398"},"modified":"2024-10-18T15:16:09","modified_gmt":"2024-10-18T13:16:09","slug":"privacybeleid","status":"publish","type":"page","link":"https:\/\/www.terracottatcm.com\/fr\/politique-de-confidentialite\/","title":{"rendered":"Politique de confidentialit\u00e9"},"content":{"rendered":"<div data-elementor-type=\"wp-page\" data-elementor-id=\"398\" class=\"elementor elementor-398\" data-elementor-post-type=\"page\">\n\t\t\t\t\t\t<section class=\"elementor-section elementor-top-section elementor-element elementor-element-8554f4f bgblack sec1 elementor-section-boxed elementor-section-height-default elementor-section-height-default\" data-id=\"8554f4f\" data-element_type=\"section\" data-e-type=\"section\" data-settings=\"{&quot;background_background&quot;:&quot;classic&quot;}\">\n\t\t\t\t\t\t\t<div class=\"elementor-background-overlay\"><\/div>\n\t\t\t\t\t\t\t<div class=\"elementor-container elementor-column-gap-default\">\n\t\t\t\t\t<div class=\"elementor-column elementor-col-50 elementor-top-column elementor-element elementor-element-16e8aa9d\" data-id=\"16e8aa9d\" data-element_type=\"column\" data-e-type=\"column\" data-settings=\"{&quot;background_background&quot;:&quot;classic&quot;}\">\n\t\t\t<div class=\"elementor-widget-wrap elementor-element-populated\">\n\t\t\t\t\t\t\t<\/div>\n\t\t<\/div>\n\t\t\t\t<div class=\"elementor-column elementor-col-50 elementor-top-column elementor-element elementor-element-3add03a5\" data-id=\"3add03a5\" data-element_type=\"column\" data-e-type=\"column\">\n\t\t\t<div class=\"elementor-widget-wrap\">\n\t\t\t\t\t\t\t<\/div>\n\t\t<\/div>\n\t\t\t\t\t<\/div>\n\t\t<\/section>\n\t\t\t\t<section class=\"elementor-section elementor-top-section elementor-element elementor-element-52583454 elementor-section-full_width divider-inner elementor-section-height-default elementor-section-height-default\" data-id=\"52583454\" data-element_type=\"section\" data-e-type=\"section\" data-settings=\"{&quot;background_background&quot;:&quot;classic&quot;}\">\n\t\t\t\t\t\t<div class=\"elementor-container elementor-column-gap-default\">\n\t\t\t\t\t<div class=\"elementor-column elementor-col-100 elementor-top-column elementor-element elementor-element-784045a5\" data-id=\"784045a5\" data-element_type=\"column\" data-e-type=\"column\">\n\t\t\t<div class=\"elementor-widget-wrap elementor-element-populated\">\n\t\t\t\t\t\t<div class=\"elementor-element elementor-element-17b311a8 elementor-widget elementor-widget-spacer\" data-id=\"17b311a8\" data-element_type=\"widget\" data-e-type=\"widget\" data-widget_type=\"spacer.default\">\n\t\t\t\t<div class=\"elementor-widget-container\">\n\t\t\t\t\t\t\t<div class=\"elementor-spacer\">\n\t\t\t<div class=\"elementor-spacer-inner\"><\/div>\n\t\t<\/div>\n\t\t\t\t\t\t<\/div>\n\t\t\t\t<\/div>\n\t\t\t\t\t<\/div>\n\t\t<\/div>\n\t\t\t\t\t<\/div>\n\t\t<\/section>\n\t\t\t\t<section class=\"elementor-section elementor-top-section elementor-element elementor-element-17388e71 elementor-section-boxed elementor-section-height-default elementor-section-height-default\" data-id=\"17388e71\" data-element_type=\"section\" data-e-type=\"section\">\n\t\t\t\t\t\t<div class=\"elementor-container elementor-column-gap-default\">\n\t\t\t\t\t<div class=\"elementor-column elementor-col-100 elementor-top-column elementor-element elementor-element-76bd1546\" data-id=\"76bd1546\" data-element_type=\"column\" data-e-type=\"column\">\n\t\t\t<div class=\"elementor-widget-wrap elementor-element-populated\">\n\t\t\t\t\t\t<div class=\"elementor-element elementor-element-e6b0dfa elementor-widget elementor-widget-heading\" data-id=\"e6b0dfa\" data-element_type=\"widget\" data-e-type=\"widget\" data-widget_type=\"heading.default\">\n\t\t\t\t<div class=\"elementor-widget-container\">\n\t\t\t\t\t<h2 class=\"elementor-heading-title elementor-size-default\">politique de confidentialit\u00e9<\/h2>\t\t\t\t<\/div>\n\t\t\t\t<\/div>\n\t\t\t\t<div class=\"elementor-element elementor-element-12a3d63 elementor-widget elementor-widget-text-editor\" data-id=\"12a3d63\" data-element_type=\"widget\" data-e-type=\"widget\" data-widget_type=\"text-editor.default\">\n\t\t\t\t<div class=\"elementor-widget-container\">\n\t\t\t\t\t\t\t\t\t<p><strong>Terre cuite TCM Europe BV<\/strong><br \/>Raadhuisplein 4<br \/>2042LR Zandvoort<br \/>les Pays-Bas<br \/>+31 23 5713020<\/p>\n<p>L&#039;adresse de notre site Web est : https:\/\/www.terracottatcm.com.<\/p>\n<p><strong>Quelles donn\u00e9es personnelles nous collectons et pourquoi nous les collectons<\/strong><\/p>\n<p><strong>R\u00e9actions<\/strong><\/p>\n<p>Lorsque les visiteurs laissent des commentaires sur le site, nous recueillons les informations affich\u00e9es dans le formulaire de commentaire, ainsi que l&#039;adresse IP et la cha\u00eene d&#039;agent utilisateur du navigateur du visiteur pour faciliter la d\u00e9tection du spam.<br \/>Une cha\u00eene anonymis\u00e9e cr\u00e9\u00e9e \u00e0 partir de votre adresse e-mail (\u00e9galement appel\u00e9e hachage) peut \u00eatre fournie au service Gravatar pour voir si vous l&#039;utilisez. La politique de confidentialit\u00e9 du service Gravatar est disponible ici : https:\/\/automattic.com\/privacy\/. Apr\u00e8s validation de votre commentaire, votre photo de profil sera visible publiquement \u00e0 c\u00f4t\u00e9 de votre commentaire.<\/p>\n<p><strong>M\u00e9dias<\/strong><\/p>\n<p>Lorsque vous t\u00e9l\u00e9chargez des images sur le site Web, \u00e9vitez de t\u00e9l\u00e9charger des images avec des donn\u00e9es de localisation int\u00e9gr\u00e9es (EXIF GPS). Les visiteurs du site Web peuvent t\u00e9l\u00e9charger et extraire toutes les donn\u00e9es de localisation des images sur le site Web.<\/p>\n<p><strong>Formulaires de contact<\/strong><\/p>\n<p>Lorsque les visiteurs remplissent notre formulaire de contact, leur adresse e-mail et leur nom appara\u00eetront dans l&#039;e-mail envoy\u00e9 aux administrateurs du site Web. Ces informations ne sont utilis\u00e9es que pour r\u00e9pondre \u00e0 vos messages et ne sont jamais partag\u00e9es avec qui que ce soit.<\/p>\n<p><strong>Biscuits<\/strong><\/p>\n<p>Si vous laissez un commentaire sur notre site, vous pouvez choisir d&#039;enregistrer votre nom, votre adresse e-mail et votre site Web dans des cookies. Ceux-ci sont pour votre commodit\u00e9, vous n&#039;avez donc pas \u00e0 saisir \u00e0 nouveau vos coordonn\u00e9es la prochaine fois que vous laisserez un commentaire. Ces cookies sont conserv\u00e9s pendant un an.<\/p>\n<p>Lorsque vous visitez notre page de connexion, nous pla\u00e7ons un cookie temporaire pour d\u00e9terminer si votre navigateur accepte les cookies. Ce cookie ne contient aucune donn\u00e9e personnelle et est supprim\u00e9 lorsque vous fermez votre navigateur.<\/p>\n<p>Lorsque vous vous connectez, nous placerons \u00e9galement un certain nombre de cookies pour enregistrer vos informations de connexion et vos choix d&#039;\u00e9cran. Les cookies de connexion durent deux jours et les cookies de s\u00e9lection d&#039;\u00e9cran pendant un an. Si vous s\u00e9lectionnez \u00ab Se souvenir de moi \u00bb, votre connexion persistera pendant deux semaines. Si vous vous d\u00e9connectez de votre compte, les cookies de connexion seront supprim\u00e9s.<\/p>\n<p>Si vous \u00e9ditez ou publiez un article, un cookie suppl\u00e9mentaire est stock\u00e9 dans votre navigateur. Ce cookie ne contient aucune information personnelle et indique uniquement l&#039;ID de publication de l&#039;article que vous venez de modifier. Il expire apr\u00e8s 1 jour.<\/p>\n<p><strong>Contenu int\u00e9gr\u00e9 d&#039;autres sites Web<\/strong><\/p>\n<p>Les articles de ce site peuvent contenir des contenus int\u00e9gr\u00e9s (par exemple des vid\u00e9os, des images, des articles, etc.). Le contenu int\u00e9gr\u00e9 d&#039;autres sites Web se comporte exactement de la m\u00eame mani\u00e8re que si le visiteur avait visit\u00e9 l&#039;autre site Web.<\/p>\n<p>Ces sites Web tiers peuvent collecter des donn\u00e9es vous concernant, utiliser des cookies, int\u00e9grer un suivi tiers suppl\u00e9mentaire et suivre votre interaction avec ce contenu int\u00e9gr\u00e9, y compris le suivi<\/p>\n<p><strong>votre interaction avec le contenu int\u00e9gr\u00e9 si vous avez un compte et \u00eates connect\u00e9 \u00e0 ce site Web.<\/strong><\/p>\n<p><strong>Analytique<\/strong><\/p>\n<p>Nous utilisons les analyses de Zoho pour d\u00e9terminer combien de visiteurs viennent sur ce site, de quelle r\u00e9gion du monde ils viennent et quelles pages sp\u00e9cifiques ils visitent.<\/p>\n<p><strong>Avec qui partageons-nous vos donn\u00e9es ?<\/strong><\/p>\n<p>Pour les utilisateurs qui s&#039;inscrivent sur ce site Web, leurs informations personnelles telles que le nom et l&#039;adresse e-mail sont partag\u00e9es avec le webmaster et les administrateurs de ce site dans le but de suivre qui visite la page du compte et d&#039;envoyer des mises \u00e0 jour et\/ou une newsletter occasionnelle ou d&#039;autres informations marketing. campagnes.<\/p>\n<p>Si un visiteur soumet une demande de r\u00e9initialisation de son mot de passe, son adresse IP sera incluse dans l&#039;e-mail de r\u00e9initialisation.<\/p>\n<p><strong>Combien de temps conservons-nous vos donn\u00e9es<\/strong><\/p>\n<p>Si un visiteur laisse un commentaire, le commentaire et ses m\u00e9tadonn\u00e9es sont stock\u00e9s ind\u00e9finiment. Cela nous permet de reconna\u00eetre et d&#039;approuver automatiquement tous les commentaires de suivi au lieu de les conserver dans une file d&#039;attente pour mod\u00e9ration.<\/p>\n<p>Pour les utilisateurs qui s&#039;inscrivent sur notre site Web, nous stockons \u00e9galement les informations personnelles qu&#039;ils fournissent dans leur profil d&#039;utilisateur. Tous les utilisateurs peuvent voir, modifier ou supprimer leurs informations personnelles \u00e0 tout moment (sauf qu&#039;ils ne peuvent pas changer leur nom d&#039;utilisateur).<\/p>\n<p>Les administrateurs du site Web peuvent \u00e9galement voir et modifier ces informations.<\/p>\n<p><strong>Quels droits avez-vous sur vos donn\u00e9es ?<\/strong><\/p>\n<p>Si un visiteur s&#039;est enregistr\u00e9 sur ce site, ou a laiss\u00e9 des commentaires, il peut demander un fichier export\u00e9 des donn\u00e9es personnelles que nous d\u00e9tenons \u00e0 son sujet, y compris les donn\u00e9es qu&#039;il nous a fournies. Il peut \u00e9galement nous demander d&#039;effacer les donn\u00e9es personnelles que nous d\u00e9tenons \u00e0 son sujet. Ceci ne s&#039;applique pas aux donn\u00e9es que nous sommes oblig\u00e9s de conserver \u00e0 des fins administratives, juridiques ou de s\u00e9curit\u00e9.<\/p>\n<p><strong>O\u00f9 nous envoyons vos donn\u00e9es<\/strong><\/p>\n<p>Les commentaires des visiteurs peuvent \u00eatre v\u00e9rifi\u00e9s par un service automatis\u00e9 de d\u00e9tection de spam.<\/p>\n<p><strong>Vos coordonn\u00e9es<\/strong><\/p>\n<p>Lorsque les utilisateurs remplissent le formulaire de contact ou s&#039;inscrivent pour acc\u00e9der au Vade-Mecum, nous collectons leurs coordonn\u00e9es uniquement pour savoir qui visite le Vade-Mecum et pour envoyer des mises \u00e0 jour et\/ou une newsletter occasionnelle.<\/p>\n<p><strong>Informations Compl\u00e9mentaires<\/strong><\/p>\n<p><strong>Comment prot\u00e9geons-nous vos donn\u00e9es<\/strong><\/p>\n<p>Les donn\u00e9es des visiteurs sont stock\u00e9es sur nos serveurs qui sont s\u00e9curis\u00e9s avec divers logiciels de cryptage et anti-piratage.<br \/>Quelles proc\u00e9dures utilisons-nous en cas de violation de donn\u00e9es<br \/>En cas de violation de donn\u00e9es, les visiteurs dont nous avons stock\u00e9 les donn\u00e9es seront inform\u00e9s.<\/p>\n<p><strong>Quelle prise de d\u00e9cision automatis\u00e9e et\/ou profilage nous faisons avec les donn\u00e9es des utilisateurs<\/strong><\/p>\n<p>Un utilisateur peut s&#039;inscrire pour acc\u00e9der \u00e0 la page du compte sur ce site. Apr\u00e8s avoir saisi leur nom et leur adresse e-mail et cliqu\u00e9 sur \u00ab envoyer \u00bb, ils seront automatiquement redirig\u00e9s vers la page du compte. Nous collectons leurs coordonn\u00e9es uniquement pour savoir qui visite le site Web et pour envoyer des mises \u00e0 jour et\/ou des newsletters ou des campagnes marketing similaires.<\/p>\n<p><strong>Exigences de divulgation r\u00e9glementaires de l&#039;industrie<\/strong><\/p>\t\t\t\t\t\t\t\t<\/div>\n\t\t\t\t<\/div>\n\t\t\t\t\t<\/div>\n\t\t<\/div>\n\t\t\t\t\t<\/div>\n\t\t<\/section>\n\t\t\t\t<section class=\"elementor-section elementor-top-section elementor-element elementor-element-40c2a907 elementor-section-boxed elementor-section-height-default elementor-section-height-default\" data-id=\"40c2a907\" data-element_type=\"section\" data-e-type=\"section\">\n\t\t\t\t\t\t<div class=\"elementor-container elementor-column-gap-default\">\n\t\t\t\t\t<div class=\"elementor-column elementor-col-100 elementor-top-column elementor-element elementor-element-741b51f5\" data-id=\"741b51f5\" data-element_type=\"column\" data-e-type=\"column\">\n\t\t\t<div class=\"elementor-widget-wrap elementor-element-populated\">\n\t\t\t\t\t\t<div class=\"elementor-element elementor-element-37a52877 elementor-widget elementor-widget-spacer\" data-id=\"37a52877\" data-element_type=\"widget\" data-e-type=\"widget\" data-widget_type=\"spacer.default\">\n\t\t\t\t<div class=\"elementor-widget-container\">\n\t\t\t\t\t\t\t<div class=\"elementor-spacer\">\n\t\t\t<div class=\"elementor-spacer-inner\"><\/div>\n\t\t<\/div>\n\t\t\t\t\t\t<\/div>\n\t\t\t\t<\/div>\n\t\t\t\t\t<\/div>\n\t\t<\/div>\n\t\t\t\t\t<\/div>\n\t\t<\/section>\n\t\t\t\t<section class=\"elementor-section elementor-top-section elementor-element elementor-element-75fdb391 elementor-section-boxed elementor-section-height-default elementor-section-height-default\" data-id=\"75fdb391\" data-element_type=\"section\" data-e-type=\"section\">\n\t\t\t\t\t\t<div class=\"elementor-container elementor-column-gap-default\">\n\t\t\t\t\t<div class=\"elementor-column elementor-col-100 elementor-top-column elementor-element elementor-element-1e337e2d\" data-id=\"1e337e2d\" data-element_type=\"column\" data-e-type=\"column\">\n\t\t\t<div class=\"elementor-widget-wrap elementor-element-populated\">\n\t\t\t\t\t\t<div class=\"elementor-element elementor-element-75e3e10b elementor-widget elementor-widget-spacer\" data-id=\"75e3e10b\" data-element_type=\"widget\" data-e-type=\"widget\" data-widget_type=\"spacer.default\">\n\t\t\t\t<div class=\"elementor-widget-container\">\n\t\t\t\t\t\t\t<div class=\"elementor-spacer\">\n\t\t\t<div class=\"elementor-spacer-inner\"><\/div>\n\t\t<\/div>\n\t\t\t\t\t\t<\/div>\n\t\t\t\t<\/div>\n\t\t\t\t\t<\/div>\n\t\t<\/div>\n\t\t\t\t\t<\/div>\n\t\t<\/section>\n\t\t\t\t<\/div>","protected":false},"excerpt":{"rendered":"<p>Privacy beleid Terracotta TCM Europe B.V.Raadhuisplein 42042LR ZandvoortThe Netherlands+31 23 5713020 Ons website-adres is: https:\/\/www.terracottatcm.com. Welke persoonsgegevens we verzamelen en waarom we ze verzamelen Reacties Wanneer bezoekers commentaar achterlaten op de site verzamelen we de gegevens die in het commentaarformulier worden getoond, en ook het IP-adres en de gebruikersagentstring van de browser van de bezoeker [&hellip;]<\/p>\n","protected":false},"author":1,"featured_media":0,"parent":0,"menu_order":0,"comment_status":"closed","ping_status":"closed","template":"","meta":{"_acf_changed":false,"_seopress_robots_primary_cat":"","_seopress_titles_title":"","_seopress_titles_desc":"","_seopress_robots_index":"","footnotes":""},"class_list":["post-398","page","type-page","status-publish","hentry"],"acf":[],"_links":{"self":[{"href":"https:\/\/www.terracottatcm.com\/fr\/wp-json\/wp\/v2\/pages\/398","targetHints":{"allow":["GET"]}}],"collection":[{"href":"https:\/\/www.terracottatcm.com\/fr\/wp-json\/wp\/v2\/pages"}],"about":[{"href":"https:\/\/www.terracottatcm.com\/fr\/wp-json\/wp\/v2\/types\/page"}],"author":[{"embeddable":true,"href":"https:\/\/www.terracottatcm.com\/fr\/wp-json\/wp\/v2\/users\/1"}],"replies":[{"embeddable":true,"href":"https:\/\/www.terracottatcm.com\/fr\/wp-json\/wp\/v2\/comments?post=398"}],"version-history":[{"count":0,"href":"https:\/\/www.terracottatcm.com\/fr\/wp-json\/wp\/v2\/pages\/398\/revisions"}],"wp:attachment":[{"href":"https:\/\/www.terracottatcm.com\/fr\/wp-json\/wp\/v2\/media?parent=398"}],"curies":[{"name":"wp","href":"https:\/\/api.w.org\/{rel}","templated":true}]}}