{"id":363,"date":"2018-10-03T00:33:53","date_gmt":"2018-10-02T22:33:53","guid":{"rendered":"http:\/\/web054tc.vasst-coding.nl\/?page_id=363"},"modified":"2025-06-25T20:51:17","modified_gmt":"2025-06-25T18:51:17","slug":"over-terracotta","status":"publish","type":"page","link":"https:\/\/www.terracottatcm.com\/fr\/sur-terre-cuite\/","title":{"rendered":"\u00c0 propos de la terre cuite"},"content":{"rendered":"<div data-elementor-type=\"wp-page\" data-elementor-id=\"363\" class=\"elementor elementor-363\" data-elementor-post-type=\"page\">\n\t\t\t\t<div class=\"elementor-element elementor-element-1b44adb e-con-full e-flex e-con e-parent\" data-id=\"1b44adb\" data-element_type=\"container\" data-e-type=\"container\" data-settings=\"{&quot;background_background&quot;:&quot;classic&quot;}\">\n\t\t<div class=\"elementor-element elementor-element-c86cf2f e-con-full e-flex e-con e-child\" data-id=\"c86cf2f\" data-element_type=\"container\" data-e-type=\"container\" data-settings=\"{&quot;background_background&quot;:&quot;classic&quot;}\">\n\t\t<div class=\"elementor-element elementor-element-f8cc2f6 e-flex e-con-boxed e-con e-child\" data-id=\"f8cc2f6\" data-element_type=\"container\" data-e-type=\"container\" data-settings=\"{&quot;background_background&quot;:&quot;classic&quot;}\">\n\t\t\t\t\t<div class=\"e-con-inner\">\n\t\t\t\t\t<\/div>\n\t\t\t\t<\/div>\n\t\t\t\t<\/div>\n\t\t\t\t<\/div>\n\t\t<div class=\"elementor-element elementor-element-66060d82 e-flex e-con-boxed e-con e-parent\" data-id=\"66060d82\" data-element_type=\"container\" data-e-type=\"container\" data-settings=\"{&quot;background_background&quot;:&quot;classic&quot;}\">\n\t\t\t\t\t<div class=\"e-con-inner\">\n\t\t<div class=\"elementor-element elementor-element-656422b6 e-con-full e-flex e-con e-child\" data-id=\"656422b6\" data-element_type=\"container\" data-e-type=\"container\">\n\t\t<div class=\"elementor-element elementor-element-bb4561b e-flex e-con-boxed e-con e-child\" data-id=\"bb4561b\" data-element_type=\"container\" data-e-type=\"container\">\n\t\t\t\t\t<div class=\"e-con-inner\">\n\t\t\t\t<div class=\"elementor-element elementor-element-5079ccc elementor-invisible elementor-widget elementor-widget-heading\" data-id=\"5079ccc\" data-element_type=\"widget\" data-e-type=\"widget\" data-settings=\"{&quot;_animation&quot;:&quot;fadeIn&quot;}\" data-widget_type=\"heading.default\">\n\t\t\t\t<div class=\"elementor-widget-container\">\n\t\t\t\t\t<h1 class=\"elementor-heading-title elementor-size-default\">\u00c0 propos de la terre cuite<\/h1>\t\t\t\t<\/div>\n\t\t\t\t<\/div>\n\t\t\t\t<div class=\"elementor-element elementor-element-17564c24 elementor-invisible elementor-widget elementor-widget-text-editor\" data-id=\"17564c24\" data-element_type=\"widget\" data-e-type=\"widget\" data-settings=\"{&quot;_animation&quot;:&quot;fadeIn&quot;,&quot;_animation_delay&quot;:500}\" data-widget_type=\"text-editor.default\">\n\t\t\t\t<div class=\"elementor-widget-container\">\n\t\t\t\t\t\t\t\t\t<strong>\u00c0 propos de la terre cuite<\/strong><br>\nTerracotta TCM Europe BV est sp\u00e9cialis\u00e9e dans les compl\u00e9ments alimentaires inspir\u00e9s de la m\u00e9decine traditionnelle chinoise (MTC, plus connue sous le nom d&#039;herboristerie traditionnelle chinoise). Nous proposons des g\u00e9lules et des teintures dans lesquelles les champignons jouent un r\u00f4le important. Nos produits sont soigneusement \u00e9labor\u00e9s et proviennent de fournisseurs fiables et r\u00e9put\u00e9s.\n\t\t\t\t\t\t\t\t<\/div>\n\t\t\t\t<\/div>\n\t\t\t\t\t<\/div>\n\t\t\t\t<\/div>\n\t\t\t\t<div class=\"elementor-element elementor-element-2f4b8c86 elementor-widget__width-inherit elementor-invisible elementor-widget elementor-widget-image\" data-id=\"2f4b8c86\" data-element_type=\"widget\" data-e-type=\"widget\" data-settings=\"{&quot;_animation&quot;:&quot;fadeIn&quot;}\" data-widget_type=\"image.default\">\n\t\t\t\t<div class=\"elementor-widget-container\">\n\t\t\t\t\t\t\t\t\t\t\t\t\t\t\t<img fetchpriority=\"high\" decoding=\"async\" width=\"800\" height=\"209\" src=\"https:\/\/www.terracottatcm.com\/wp-content\/uploads\/2023\/07\/TerracottaTCM-Supplementen-7-1024x267.jpg\" class=\"attachment-large size-large wp-image-4460\" alt=\"\" srcset=\"https:\/\/www.terracottatcm.com\/wp-content\/uploads\/2023\/07\/TerracottaTCM-Supplementen-7-1024x267.jpg 1024w, https:\/\/www.terracottatcm.com\/wp-content\/uploads\/2023\/07\/TerracottaTCM-Supplementen-7-300x78.jpg 300w, https:\/\/www.terracottatcm.com\/wp-content\/uploads\/2023\/07\/TerracottaTCM-Supplementen-7-768x200.jpg 768w, https:\/\/www.terracottatcm.com\/wp-content\/uploads\/2023\/07\/TerracottaTCM-Supplementen-7-1536x400.jpg 1536w, https:\/\/www.terracottatcm.com\/wp-content\/uploads\/2023\/07\/TerracottaTCM-Supplementen-7-18x5.jpg 18w, https:\/\/www.terracottatcm.com\/wp-content\/uploads\/2023\/07\/TerracottaTCM-Supplementen-7-560x146.jpg 560w, https:\/\/www.terracottatcm.com\/wp-content\/uploads\/2023\/07\/TerracottaTCM-Supplementen-7.jpg 1920w\" sizes=\"(max-width: 800px) 100vw, 800px\" \/>\t\t\t\t\t\t\t\t\t\t\t\t\t\t\t<\/div>\n\t\t\t\t<\/div>\n\t\t\t\t<\/div>\n\t\t<div class=\"elementor-element elementor-element-6b75205d e-con-full e-flex e-con e-child\" data-id=\"6b75205d\" data-element_type=\"container\" data-e-type=\"container\">\n\t\t\t\t<div class=\"elementor-element elementor-element-148e5c4a elementor-widget__width-initial elementor-invisible elementor-widget elementor-widget-image\" data-id=\"148e5c4a\" data-element_type=\"widget\" data-e-type=\"widget\" data-settings=\"{&quot;_animation&quot;:&quot;fadeInDown&quot;,&quot;_animation_tablet&quot;:&quot;fadeInLeft&quot;}\" data-widget_type=\"image.default\">\n\t\t\t\t<div class=\"elementor-widget-container\">\n\t\t\t\t\t\t\t\t\t\t\t\t\t\t\t<img decoding=\"async\" width=\"800\" height=\"457\" src=\"https:\/\/www.terracottatcm.com\/wp-content\/uploads\/2023\/06\/PapaRubyLily_show_window_chinese_tea_herbal_medicine_tcm_shop_s_b5ba2d09-f16e-4fa8-96ee-2d231d7c7d68-1024x585.png\" class=\"attachment-large size-large wp-image-3539\" alt=\"\" srcset=\"https:\/\/www.terracottatcm.com\/wp-content\/uploads\/2023\/06\/PapaRubyLily_show_window_chinese_tea_herbal_medicine_tcm_shop_s_b5ba2d09-f16e-4fa8-96ee-2d231d7c7d68-1024x585.png 1024w, https:\/\/www.terracottatcm.com\/wp-content\/uploads\/2023\/06\/PapaRubyLily_show_window_chinese_tea_herbal_medicine_tcm_shop_s_b5ba2d09-f16e-4fa8-96ee-2d231d7c7d68-300x171.png 300w, https:\/\/www.terracottatcm.com\/wp-content\/uploads\/2023\/06\/PapaRubyLily_show_window_chinese_tea_herbal_medicine_tcm_shop_s_b5ba2d09-f16e-4fa8-96ee-2d231d7c7d68-768x439.png 768w, https:\/\/www.terracottatcm.com\/wp-content\/uploads\/2023\/06\/PapaRubyLily_show_window_chinese_tea_herbal_medicine_tcm_shop_s_b5ba2d09-f16e-4fa8-96ee-2d231d7c7d68-18x10.png 18w, https:\/\/www.terracottatcm.com\/wp-content\/uploads\/2023\/06\/PapaRubyLily_show_window_chinese_tea_herbal_medicine_tcm_shop_s_b5ba2d09-f16e-4fa8-96ee-2d231d7c7d68-560x320.png 560w, https:\/\/www.terracottatcm.com\/wp-content\/uploads\/2023\/06\/PapaRubyLily_show_window_chinese_tea_herbal_medicine_tcm_shop_s_b5ba2d09-f16e-4fa8-96ee-2d231d7c7d68.png 1456w\" sizes=\"(max-width: 800px) 100vw, 800px\" \/>\t\t\t\t\t\t\t\t\t\t\t\t\t\t\t<\/div>\n\t\t\t\t<\/div>\n\t\t\t\t<div class=\"elementor-element elementor-element-4b2a6a3 elementor-widget__width-initial elementor-invisible elementor-widget elementor-widget-image\" data-id=\"4b2a6a3\" data-element_type=\"widget\" data-e-type=\"widget\" data-settings=\"{&quot;_animation&quot;:&quot;fadeInDown&quot;,&quot;_animation_tablet&quot;:&quot;fadeInLeft&quot;,&quot;_animation_delay&quot;:500}\" data-widget_type=\"image.default\">\n\t\t\t\t<div class=\"elementor-widget-container\">\n\t\t\t\t\t\t\t\t\t\t\t\t\t\t\t<img decoding=\"async\" width=\"800\" height=\"209\" src=\"https:\/\/www.terracottatcm.com\/wp-content\/uploads\/2023\/07\/TerracottaTCM-Supplementen-4-1024x267.jpg\" class=\"attachment-large size-large wp-image-4465\" alt=\"\" srcset=\"https:\/\/www.terracottatcm.com\/wp-content\/uploads\/2023\/07\/TerracottaTCM-Supplementen-4-1024x267.jpg 1024w, https:\/\/www.terracottatcm.com\/wp-content\/uploads\/2023\/07\/TerracottaTCM-Supplementen-4-300x78.jpg 300w, https:\/\/www.terracottatcm.com\/wp-content\/uploads\/2023\/07\/TerracottaTCM-Supplementen-4-768x200.jpg 768w, https:\/\/www.terracottatcm.com\/wp-content\/uploads\/2023\/07\/TerracottaTCM-Supplementen-4-1536x400.jpg 1536w, https:\/\/www.terracottatcm.com\/wp-content\/uploads\/2023\/07\/TerracottaTCM-Supplementen-4-18x5.jpg 18w, https:\/\/www.terracottatcm.com\/wp-content\/uploads\/2023\/07\/TerracottaTCM-Supplementen-4-560x146.jpg 560w, https:\/\/www.terracottatcm.com\/wp-content\/uploads\/2023\/07\/TerracottaTCM-Supplementen-4.jpg 1920w\" sizes=\"(max-width: 800px) 100vw, 800px\" \/>\t\t\t\t\t\t\t\t\t\t\t\t\t\t\t<\/div>\n\t\t\t\t<\/div>\n\t\t\t\t<\/div>\n\t\t<div class=\"elementor-element elementor-element-dd2f836 e-con-full e-flex e-con e-child\" data-id=\"dd2f836\" data-element_type=\"container\" data-e-type=\"container\" data-settings=\"{&quot;background_background&quot;:&quot;classic&quot;,&quot;position&quot;:&quot;absolute&quot;}\">\n\t\t\t\t<div class=\"elementor-element elementor-element-bc17555 elementor-widget__width-inherit elementor-absolute elementor-widget elementor-widget-image\" data-id=\"bc17555\" data-element_type=\"widget\" data-e-type=\"widget\" data-settings=\"{&quot;_position&quot;:&quot;absolute&quot;}\" data-widget_type=\"image.default\">\n\t\t\t\t<div class=\"elementor-widget-container\">\n\t\t\t\t\t\t\t\t\t\t\t\t\t\t\t<img loading=\"lazy\" decoding=\"async\" width=\"2880\" height=\"1785\" src=\"https:\/\/www.terracottatcm.com\/wp-content\/uploads\/2024\/02\/squiggles-2.png\" class=\"attachment-full size-full wp-image-7078\" alt=\"\" srcset=\"https:\/\/www.terracottatcm.com\/wp-content\/uploads\/2024\/02\/squiggles-2.png 2880w, https:\/\/www.terracottatcm.com\/wp-content\/uploads\/2024\/02\/squiggles-2-300x186.png 300w, https:\/\/www.terracottatcm.com\/wp-content\/uploads\/2024\/02\/squiggles-2-1024x635.png 1024w, https:\/\/www.terracottatcm.com\/wp-content\/uploads\/2024\/02\/squiggles-2-768x476.png 768w, https:\/\/www.terracottatcm.com\/wp-content\/uploads\/2024\/02\/squiggles-2-1536x952.png 1536w, https:\/\/www.terracottatcm.com\/wp-content\/uploads\/2024\/02\/squiggles-2-2048x1269.png 2048w, https:\/\/www.terracottatcm.com\/wp-content\/uploads\/2024\/02\/squiggles-2-18x12.png 18w, https:\/\/www.terracottatcm.com\/wp-content\/uploads\/2024\/02\/squiggles-2-560x347.png 560w\" sizes=\"(max-width: 2880px) 100vw, 2880px\" \/>\t\t\t\t\t\t\t\t\t\t\t\t\t\t\t<\/div>\n\t\t\t\t<\/div>\n\t\t\t\t<\/div>\n\t\t\t\t\t<\/div>\n\t\t\t\t<\/div>\n\t\t<div class=\"elementor-element elementor-element-15b3dbba e-flex e-con-boxed e-con e-parent\" data-id=\"15b3dbba\" data-element_type=\"container\" data-e-type=\"container\" data-settings=\"{&quot;background_background&quot;:&quot;classic&quot;}\">\n\t\t\t\t\t<div class=\"e-con-inner\">\n\t\t<div class=\"elementor-element elementor-element-90297b8 e-flex e-con-boxed e-con e-child\" data-id=\"90297b8\" data-element_type=\"container\" data-e-type=\"container\">\n\t\t\t\t\t<div class=\"e-con-inner\">\n\t\t<div class=\"elementor-element elementor-element-cfc498e e-flex e-con-boxed e-con e-child\" data-id=\"cfc498e\" data-element_type=\"container\" data-e-type=\"container\">\n\t\t\t\t\t<div class=\"e-con-inner\">\n\t\t\t\t<div class=\"elementor-element elementor-element-7f19ef39 elementor-invisible elementor-widget elementor-widget-heading\" data-id=\"7f19ef39\" data-element_type=\"widget\" data-e-type=\"widget\" data-settings=\"{&quot;_animation&quot;:&quot;fadeIn&quot;}\" data-widget_type=\"heading.default\">\n\t\t\t\t<div class=\"elementor-widget-container\">\n\t\t\t\t\t<h2 class=\"elementor-heading-title elementor-size-default\">Notre nom et notre inspiration<\/h2>\t\t\t\t<\/div>\n\t\t\t\t<\/div>\n\t\t\t\t\t<\/div>\n\t\t\t\t<\/div>\n\t\t<div class=\"elementor-element elementor-element-e48fb49 e-flex e-con-boxed e-con e-child\" data-id=\"e48fb49\" data-element_type=\"container\" data-e-type=\"container\">\n\t\t\t\t\t<div class=\"e-con-inner\">\n\t\t\t\t<div class=\"elementor-element elementor-element-1e652f2c elementor-invisible elementor-widget elementor-widget-text-editor\" data-id=\"1e652f2c\" data-element_type=\"widget\" data-e-type=\"widget\" data-settings=\"{&quot;_animation&quot;:&quot;fadeIn&quot;,&quot;_animation_delay&quot;:500}\" data-widget_type=\"text-editor.default\">\n\t\t\t\t<div class=\"elementor-widget-container\">\n\t\t\t\t\t\t\t\t\t<p>Le nom <em>Terre cuite<\/em> \u00ab\u00a0Fait r\u00e9f\u00e9rence aux c\u00e9l\u00e8bres soldats en terre cuite de Xi&#039;An\u00a0\u00bb, symbole de d\u00e9termination, de d\u00e9vouement et de savoir-faire. Ces valeurs sont \u00e9galement au c\u0153ur de notre entreprise.<\/p>\t\t\t\t\t\t\t\t<\/div>\n\t\t\t\t<\/div>\n\t\t\t\t\t<\/div>\n\t\t\t\t<\/div>\n\t\t\t\t\t<\/div>\n\t\t\t\t<\/div>\n\t\t<div class=\"elementor-element elementor-element-7a3d35fe e-flex e-con-boxed e-con e-child\" data-id=\"7a3d35fe\" data-element_type=\"container\" data-e-type=\"container\">\n\t\t\t\t\t<div class=\"e-con-inner\">\n\t\t\t\t<div class=\"elementor-element elementor-element-6d35eaa6 elementor-invisible elementor-widget elementor-widget-icon-box\" data-id=\"6d35eaa6\" data-element_type=\"widget\" data-e-type=\"widget\" data-settings=\"{&quot;_animation&quot;:&quot;fadeIn&quot;,&quot;_animation_delay&quot;:500}\" data-widget_type=\"icon-box.default\">\n\t\t\t\t<div class=\"elementor-widget-container\">\n\t\t\t\t\t\t\t<div class=\"elementor-icon-box-wrapper\">\n\n\t\t\t\n\t\t\t\t\t\t<div class=\"elementor-icon-box-content\">\n\n\t\t\t\t\t\t\t\t\t<h3 class=\"elementor-icon-box-title\">\n\t\t\t\t\t\t<span  >\n\t\t\t\t\t\t\tNotre mission\t\t\t\t\t\t<\/span>\n\t\t\t\t\t<\/h3>\n\t\t\t\t\n\t\t\t\t\t\t\t\t\t<p class=\"elementor-icon-box-description\">\n\t\t\t\t\t\tNous souhaitons rendre les connaissances et les traditions de la phytoth\u00e9rapie chinoise accessibles \u00e0 un large public en Europe. Parall\u00e8lement, nous encourageons le dialogue entre les visions orientales et occidentales de la sant\u00e9 et du bien-\u00eatre.\t\t\t\t\t<\/p>\n\t\t\t\t\n\t\t\t<\/div>\n\t\t\t\n\t\t<\/div>\n\t\t\t\t\t\t<\/div>\n\t\t\t\t<\/div>\n\t\t\t\t<div class=\"elementor-element elementor-element-5bd9ccb6 elementor-invisible elementor-widget elementor-widget-icon-box\" data-id=\"5bd9ccb6\" data-element_type=\"widget\" data-e-type=\"widget\" data-settings=\"{&quot;_animation&quot;:&quot;fadeIn&quot;,&quot;_animation_delay&quot;:500}\" data-widget_type=\"icon-box.default\">\n\t\t\t\t<div class=\"elementor-widget-container\">\n\t\t\t\t\t\t\t<div class=\"elementor-icon-box-wrapper\">\n\n\t\t\t\n\t\t\t\t\t\t<div class=\"elementor-icon-box-content\">\n\n\t\t\t\t\t\t\t\t\t<h3 class=\"elementor-icon-box-title\">\n\t\t\t\t\t\t<span  >\n\t\t\t\t\t\t\tNotre m\u00e9thode de travail\t\t\t\t\t\t<\/span>\n\t\t\t\t\t<\/h3>\n\t\t\t\t\n\t\t\t\t\t\t\t\t\t<p class=\"elementor-icon-box-description\">\n\t\t\t\t\t\tNous travaillons uniquement avec des producteurs qui respectent des normes de qualit\u00e9 strictes et v\u00e9rifient la puret\u00e9 et la composition de chaque produit. Gr\u00e2ce \u00e0 la recherche constante des meilleures mati\u00e8res premi\u00e8res et m\u00e9thodes d&#039;extraction (comme la double extraction), nous garantissons la qualit\u00e9 de notre gamme.\t\t\t\t\t<\/p>\n\t\t\t\t\n\t\t\t<\/div>\n\t\t\t\n\t\t<\/div>\n\t\t\t\t\t\t<\/div>\n\t\t\t\t<\/div>\n\t\t\t\t\t<\/div>\n\t\t\t\t<\/div>\n\t\t<div class=\"elementor-element elementor-element-4dfb4fc e-con-full e-flex e-con e-child\" data-id=\"4dfb4fc\" data-element_type=\"container\" data-e-type=\"container\" data-settings=\"{&quot;background_background&quot;:&quot;classic&quot;,&quot;position&quot;:&quot;absolute&quot;}\">\n\t\t\t\t<\/div>\n\t\t\t\t\t<\/div>\n\t\t\t\t<\/div>\n\t\t<div class=\"elementor-element elementor-element-588fcfc7 e-flex e-con-boxed e-con e-parent\" data-id=\"588fcfc7\" data-element_type=\"container\" data-e-type=\"container\" data-settings=\"{&quot;background_background&quot;:&quot;classic&quot;}\">\n\t\t\t\t\t<div class=\"e-con-inner\">\n\t\t<div class=\"elementor-element elementor-element-10091d2 e-flex e-con-boxed e-con e-child\" data-id=\"10091d2\" data-element_type=\"container\" data-e-type=\"container\">\n\t\t\t\t\t<div class=\"e-con-inner\">\n\t\t<div class=\"elementor-element elementor-element-63c21a6 e-flex e-con-boxed e-con e-child\" data-id=\"63c21a6\" data-element_type=\"container\" data-e-type=\"container\">\n\t\t\t\t\t<div class=\"e-con-inner\">\n\t\t\t\t<div class=\"elementor-element elementor-element-88ee83f elementor-invisible elementor-widget elementor-widget-heading\" data-id=\"88ee83f\" data-element_type=\"widget\" data-e-type=\"widget\" data-settings=\"{&quot;_animation&quot;:&quot;fadeIn&quot;}\" data-widget_type=\"heading.default\">\n\t\t\t\t<div class=\"elementor-widget-container\">\n\t\t\t\t\t<h2 class=\"elementor-heading-title elementor-size-default\">Contact et service personnalis\u00e9s<\/h2>\t\t\t\t<\/div>\n\t\t\t\t<\/div>\n\t\t\t\t\t<\/div>\n\t\t\t\t<\/div>\n\t\t<div class=\"elementor-element elementor-element-874b8ad e-flex e-con-boxed e-con e-child\" data-id=\"874b8ad\" data-element_type=\"container\" data-e-type=\"container\">\n\t\t\t\t\t<div class=\"e-con-inner\">\n\t\t\t\t<div class=\"elementor-element elementor-element-acc4134 elementor-invisible elementor-widget elementor-widget-text-editor\" data-id=\"acc4134\" data-element_type=\"widget\" data-e-type=\"widget\" data-settings=\"{&quot;_animation&quot;:&quot;fadeIn&quot;,&quot;_animation_delay&quot;:500}\" data-widget_type=\"text-editor.default\">\n\t\t\t\t<div class=\"elementor-widget-container\">\n\t\t\t\t\t\t\t\t\tEn raison de la l\u00e9gislation et de la r\u00e9glementation europ\u00e9ennes, nous ne sommes pas autoris\u00e9s \u00e0 formuler d&#039;all\u00e9gations m\u00e9dicales ni \u00e0 mentionner les applications de nos produits sur ce site web. Vous avez des questions ou souhaitez un conseil personnalis\u00e9 sur l&#039;utilisation de nos produits\u00a0? N&#039;h\u00e9sitez pas \u00e0 nous contacter\u00a0; nous serons ravis d&#039;y r\u00e9fl\u00e9chir avec vous.\n\t\t\t\t\t\t\t\t<\/div>\n\t\t\t\t<\/div>\n\t\t\t\t\t<\/div>\n\t\t\t\t<\/div>\n\t\t\t\t\t<\/div>\n\t\t\t\t<\/div>\n\t\t\t\t<div class=\"elementor-element elementor-element-7f445cb0 elementor-widget__width-inherit elementor-invisible elementor-widget elementor-widget-image\" data-id=\"7f445cb0\" data-element_type=\"widget\" data-e-type=\"widget\" data-settings=\"{&quot;_animation&quot;:&quot;fadeInUp&quot;}\" data-widget_type=\"image.default\">\n\t\t\t\t<div class=\"elementor-widget-container\">\n\t\t\t\t\t\t\t\t\t\t\t\t\t\t\t<img loading=\"lazy\" decoding=\"async\" width=\"1920\" height=\"668\" src=\"https:\/\/www.terracottatcm.com\/wp-content\/uploads\/2024\/03\/x__1708954590.jpg\" class=\"attachment-full size-full wp-image-7631\" alt=\"\" srcset=\"https:\/\/www.terracottatcm.com\/wp-content\/uploads\/2024\/03\/x__1708954590.jpg 1920w, https:\/\/www.terracottatcm.com\/wp-content\/uploads\/2024\/03\/x__1708954590-300x104.jpg 300w, https:\/\/www.terracottatcm.com\/wp-content\/uploads\/2024\/03\/x__1708954590-1024x356.jpg 1024w, https:\/\/www.terracottatcm.com\/wp-content\/uploads\/2024\/03\/x__1708954590-768x267.jpg 768w, https:\/\/www.terracottatcm.com\/wp-content\/uploads\/2024\/03\/x__1708954590-1536x534.jpg 1536w, https:\/\/www.terracottatcm.com\/wp-content\/uploads\/2024\/03\/x__1708954590-18x6.jpg 18w, https:\/\/www.terracottatcm.com\/wp-content\/uploads\/2024\/03\/x__1708954590-560x195.jpg 560w\" sizes=\"(max-width: 1920px) 100vw, 1920px\" \/>\t\t\t\t\t\t\t\t\t\t\t\t\t\t\t<\/div>\n\t\t\t\t<\/div>\n\t\t\t\t<div class=\"elementor-element elementor-element-cb72f00 elementor-invisible elementor-widget elementor-widget-heading\" data-id=\"cb72f00\" data-element_type=\"widget\" data-e-type=\"widget\" data-settings=\"{&quot;_animation&quot;:&quot;fadeIn&quot;}\" data-widget_type=\"heading.default\">\n\t\t\t\t<div class=\"elementor-widget-container\">\n\t\t\t\t\t<h2 class=\"elementor-heading-title elementor-size-default\">Votre partenaire en produits \u00e0 base de plantes<\/h2>\t\t\t\t<\/div>\n\t\t\t\t<\/div>\n\t\t\t\t<div class=\"elementor-element elementor-element-fe61090 elementor-invisible elementor-widget elementor-widget-text-editor\" data-id=\"fe61090\" data-element_type=\"widget\" data-e-type=\"widget\" data-settings=\"{&quot;_animation&quot;:&quot;fadeIn&quot;,&quot;_animation_delay&quot;:500}\" data-widget_type=\"text-editor.default\">\n\t\t\t\t<div class=\"elementor-widget-container\">\n\t\t\t\t\t\t\t\t\t<div class=\"ql-block\" data-block-id=\"block-bd292290-c31f-4b59-914d-6760afad3f0f\">Que vous soyez client, th\u00e9rapeute ou revendeur, nous sommes l\u00e0 pour vous. Nous vous offrons qualit\u00e9, service et contact personnalis\u00e9\u00a0: la base d&#039;un partenariat durable.<\/div><div class=\"ql-block\" data-block-id=\"block-bcdb98a1-900e-4e0d-844b-686a8001539c\"><strong>Appelez-nous au <a href=\"tel:023 576 7892\">023 576 7892<\/a><\/strong> ou envoyez un message via le <a href=\"https:\/\/www.terracottatcm.com\/fr\/contact\/\">formulaire de contact<\/a>.<\/div>\t\t\t\t\t\t\t\t<\/div>\n\t\t\t\t<\/div>\n\t\t\t\t\t<\/div>\n\t\t\t\t<\/div>\n\t\t\t\t<\/div>","protected":false},"excerpt":{"rendered":"<p>Over Terracotta Over Terracotta Terracotta TCM Europe B.V. is gespecialiseerd in voedingssupplementen ge\u00efnspireerd op de Traditionele Chinese Geneeskunde (TCM, bij ons beter bekend als Traditionele Chinese Kruidenleer). Wij bieden capsules en tincturen aan waarbij paddenstoelen een belangrijke rol spelen. Onze producten worden met zorg samengesteld en zijn afkomstig van betrouwbare, gerenommeerde leveranciers. Onze naam en [&hellip;]<\/p>\n","protected":false},"author":1,"featured_media":0,"parent":0,"menu_order":0,"comment_status":"closed","ping_status":"closed","template":"","meta":{"_acf_changed":false,"_seopress_robots_primary_cat":"","_seopress_titles_title":"","_seopress_titles_desc":"","_seopress_robots_index":"","_seopress_analysis_target_kw":"","footnotes":""},"class_list":["post-363","page","type-page","status-publish","hentry"],"acf":[],"_links":{"self":[{"href":"https:\/\/www.terracottatcm.com\/fr\/wp-json\/wp\/v2\/pages\/363","targetHints":{"allow":["GET"]}}],"collection":[{"href":"https:\/\/www.terracottatcm.com\/fr\/wp-json\/wp\/v2\/pages"}],"about":[{"href":"https:\/\/www.terracottatcm.com\/fr\/wp-json\/wp\/v2\/types\/page"}],"author":[{"embeddable":true,"href":"https:\/\/www.terracottatcm.com\/fr\/wp-json\/wp\/v2\/users\/1"}],"replies":[{"embeddable":true,"href":"https:\/\/www.terracottatcm.com\/fr\/wp-json\/wp\/v2\/comments?post=363"}],"version-history":[{"count":21,"href":"https:\/\/www.terracottatcm.com\/fr\/wp-json\/wp\/v2\/pages\/363\/revisions"}],"predecessor-version":[{"id":10632,"href":"https:\/\/www.terracottatcm.com\/fr\/wp-json\/wp\/v2\/pages\/363\/revisions\/10632"}],"wp:attachment":[{"href":"https:\/\/www.terracottatcm.com\/fr\/wp-json\/wp\/v2\/media?parent=363"}],"curies":[{"name":"wp","href":"https:\/\/api.w.org\/{rel}","templated":true}]}}