{"id":398,"date":"2018-10-04T16:00:42","date_gmt":"2018-10-04T14:00:42","guid":{"rendered":"http:\/\/web054tc.vasst-coding.nl\/?page_id=398"},"modified":"2024-10-18T15:16:09","modified_gmt":"2024-10-18T13:16:09","slug":"privacybeleid","status":"publish","type":"page","link":"https:\/\/www.terracottatcm.com\/es\/politica-de-privacidad\/","title":{"rendered":"Pol\u00edtica de privacidad"},"content":{"rendered":"<div data-elementor-type=\"wp-page\" data-elementor-id=\"398\" class=\"elementor elementor-398\" data-elementor-post-type=\"page\">\n\t\t\t\t\t\t<section class=\"elementor-section elementor-top-section elementor-element elementor-element-8554f4f bgblack sec1 elementor-section-boxed elementor-section-height-default elementor-section-height-default\" data-id=\"8554f4f\" data-element_type=\"section\" data-e-type=\"section\" data-settings=\"{&quot;background_background&quot;:&quot;classic&quot;}\">\n\t\t\t\t\t\t\t<div class=\"elementor-background-overlay\"><\/div>\n\t\t\t\t\t\t\t<div class=\"elementor-container elementor-column-gap-default\">\n\t\t\t\t\t<div class=\"elementor-column elementor-col-50 elementor-top-column elementor-element elementor-element-16e8aa9d\" data-id=\"16e8aa9d\" data-element_type=\"column\" data-e-type=\"column\" data-settings=\"{&quot;background_background&quot;:&quot;classic&quot;}\">\n\t\t\t<div class=\"elementor-widget-wrap elementor-element-populated\">\n\t\t\t\t\t\t\t<\/div>\n\t\t<\/div>\n\t\t\t\t<div class=\"elementor-column elementor-col-50 elementor-top-column elementor-element elementor-element-3add03a5\" data-id=\"3add03a5\" data-element_type=\"column\" data-e-type=\"column\">\n\t\t\t<div class=\"elementor-widget-wrap\">\n\t\t\t\t\t\t\t<\/div>\n\t\t<\/div>\n\t\t\t\t\t<\/div>\n\t\t<\/section>\n\t\t\t\t<section class=\"elementor-section elementor-top-section elementor-element elementor-element-52583454 elementor-section-full_width divider-inner elementor-section-height-default elementor-section-height-default\" data-id=\"52583454\" data-element_type=\"section\" data-e-type=\"section\" data-settings=\"{&quot;background_background&quot;:&quot;classic&quot;}\">\n\t\t\t\t\t\t<div class=\"elementor-container elementor-column-gap-default\">\n\t\t\t\t\t<div class=\"elementor-column elementor-col-100 elementor-top-column elementor-element elementor-element-784045a5\" data-id=\"784045a5\" data-element_type=\"column\" data-e-type=\"column\">\n\t\t\t<div class=\"elementor-widget-wrap elementor-element-populated\">\n\t\t\t\t\t\t<div class=\"elementor-element elementor-element-17b311a8 elementor-widget elementor-widget-spacer\" data-id=\"17b311a8\" data-element_type=\"widget\" data-e-type=\"widget\" data-widget_type=\"spacer.default\">\n\t\t\t\t<div class=\"elementor-widget-container\">\n\t\t\t\t\t\t\t<div class=\"elementor-spacer\">\n\t\t\t<div class=\"elementor-spacer-inner\"><\/div>\n\t\t<\/div>\n\t\t\t\t\t\t<\/div>\n\t\t\t\t<\/div>\n\t\t\t\t\t<\/div>\n\t\t<\/div>\n\t\t\t\t\t<\/div>\n\t\t<\/section>\n\t\t\t\t<section class=\"elementor-section elementor-top-section elementor-element elementor-element-17388e71 elementor-section-boxed elementor-section-height-default elementor-section-height-default\" data-id=\"17388e71\" data-element_type=\"section\" data-e-type=\"section\">\n\t\t\t\t\t\t<div class=\"elementor-container elementor-column-gap-default\">\n\t\t\t\t\t<div class=\"elementor-column elementor-col-100 elementor-top-column elementor-element elementor-element-76bd1546\" data-id=\"76bd1546\" data-element_type=\"column\" data-e-type=\"column\">\n\t\t\t<div class=\"elementor-widget-wrap elementor-element-populated\">\n\t\t\t\t\t\t<div class=\"elementor-element elementor-element-e6b0dfa elementor-widget elementor-widget-heading\" data-id=\"e6b0dfa\" data-element_type=\"widget\" data-e-type=\"widget\" data-widget_type=\"heading.default\">\n\t\t\t\t<div class=\"elementor-widget-container\">\n\t\t\t\t\t<h2 class=\"elementor-heading-title elementor-size-default\">pol\u00edtica de privacidad<\/h2>\t\t\t\t<\/div>\n\t\t\t\t<\/div>\n\t\t\t\t<div class=\"elementor-element elementor-element-12a3d63 elementor-widget elementor-widget-text-editor\" data-id=\"12a3d63\" data-element_type=\"widget\" data-e-type=\"widget\" data-widget_type=\"text-editor.default\">\n\t\t\t\t<div class=\"elementor-widget-container\">\n\t\t\t\t\t\t\t\t\t<p><strong>Terracota TCM Europe BV<\/strong><br \/>Raadhuisplein 4<br \/>2042LR Zandvoort<br \/>Los pa\u00edses bajos<br \/>+31 23 5713020<\/p>\n<p>La direcci\u00f3n de nuestro sitio web es: https:\/\/www.terracottatcm.com.<\/p>\n<p><strong>Qu\u00e9 datos personales recopilamos y por qu\u00e9 los recopilamos<\/strong><\/p>\n<p><strong>Comentarios<\/strong><\/p>\n<p>Cuando los visitantes dejan comentarios en el sitio, recopilamos la informaci\u00f3n que se muestra en el formulario de comentarios, as\u00ed como la direcci\u00f3n IP y la cadena de agente de usuario del navegador del visitante para ayudar a la detecci\u00f3n de spam.<br \/>Se puede proporcionar una cadena an\u00f3nima creada a partir de su direcci\u00f3n de correo electr\u00f3nico (tambi\u00e9n llamada hash) al servicio Gravatar para ver si la est\u00e1 utilizando. La pol\u00edtica de privacidad del servicio Gravatar est\u00e1 disponible aqu\u00ed: https:\/\/automattic.com\/privacy\/. Despu\u00e9s de la aprobaci\u00f3n de su comentario, su foto de perfil ser\u00e1 visible para el p\u00fablico en el contexto de su comentario.<\/p>\n<p><strong>Medios de comunicaci\u00f3n<\/strong><\/p>\n<p>Al cargar im\u00e1genes en el sitio web, evite cargar im\u00e1genes con datos de ubicaci\u00f3n incrustados (GPS EXIF). Los visitantes del sitio web pueden descargar y extraer todos los datos de ubicaci\u00f3n de las im\u00e1genes del sitio web.<\/p>\n<p><strong>formularios de contacto<\/strong><\/p>\n<p>Cuando los visitantes completen nuestro formulario de contacto, su correo electr\u00f3nico y nombre aparecer\u00e1n en el correo electr\u00f3nico enviado a los administradores del sitio web. Esta informaci\u00f3n solo se usa para responder a sus mensajes y nunca se comparte con nadie m\u00e1s.<\/p>\n<p><strong>Galletas<\/strong><\/p>\n<p>Si deja un comentario en nuestro sitio, puede optar por guardar su nombre, direcci\u00f3n de correo electr\u00f3nico y sitio web en cookies. Estos son para su conveniencia, para que no tenga que volver a ingresar sus datos la pr\u00f3xima vez que deje un comentario. Estas cookies se almacenan durante un a\u00f1o.<\/p>\n<p>Cuando visita nuestra p\u00e1gina de inicio de sesi\u00f3n, colocamos una cookie temporal para determinar si su navegador acepta cookies. Esta cookie no contiene datos personales y se elimina cuando cierra su navegador.<\/p>\n<p>Cuando inicie sesi\u00f3n, tambi\u00e9n colocaremos una serie de cookies para guardar sus datos de inicio de sesi\u00f3n y sus opciones de pantalla. Las cookies de inicio de sesi\u00f3n tienen una duraci\u00f3n de dos d\u00edas y las cookies de selecci\u00f3n de pantalla, de un a\u00f1o. Si selecciona &quot;Recordarme&quot;, su inicio de sesi\u00f3n persistir\u00e1 durante dos semanas. Si cierra sesi\u00f3n en su cuenta, las cookies de inicio de sesi\u00f3n se eliminar\u00e1n.<\/p>\n<p>Si edita o publica un art\u00edculo, se almacena una cookie adicional en su navegador. Esta cookie no contiene informaci\u00f3n personal y solo indica el ID de publicaci\u00f3n del art\u00edculo que acaba de editar. Caduca despu\u00e9s de 1 d\u00eda.<\/p>\n<p><strong>Contenido incrustado de otros sitios web<\/strong><\/p>\n<p>Los art\u00edculos de este sitio pueden contener contenido incrustado (por ejemplo, v\u00eddeos, im\u00e1genes, art\u00edculos, etc.). El contenido incrustado de otros sitios web se comporta exactamente de la misma manera que si el visitante hubiera visitado el otro sitio web.<\/p>\n<p>Estos sitios web de terceros pueden recopilar datos sobre usted, usar cookies, incrustar seguimiento adicional de terceros y rastrear su interacci\u00f3n con ese contenido incrustado, incluido el seguimiento.<\/p>\n<p><strong>su interacci\u00f3n con el contenido incrustado si tiene una cuenta y ha iniciado sesi\u00f3n en ese sitio web.<\/strong><\/p>\n<p><strong>Anal\u00edtica<\/strong><\/p>\n<p>Utilizamos an\u00e1lisis de Zoho para determinar cu\u00e1ntos visitantes llegan a este sitio, de qu\u00e9 regi\u00f3n del mundo provienen y qu\u00e9 p\u00e1ginas espec\u00edficas visitan.<\/p>\n<p><strong>\u00bfCon qui\u00e9n compartimos tus datos?<\/strong><\/p>\n<p>Para los usuarios que se registran en este sitio web, su informaci\u00f3n personal, como el nombre y la direcci\u00f3n de correo electr\u00f3nico, se comparte con el webmaster y los administradores de este sitio con el fin de rastrear qui\u00e9n visita la p\u00e1gina de la cuenta y enviar actualizaciones y\/o un bolet\u00edn ocasional u otro tipo de marketing. campa\u00f1as<\/p>\n<p>Si un visitante env\u00eda una solicitud para restablecer su contrase\u00f1a, su direcci\u00f3n IP se incluir\u00e1 en el correo electr\u00f3nico de restablecimiento.<\/p>\n<p><strong>Cu\u00e1nto tiempo conservamos sus datos<\/strong><\/p>\n<p>Si un visitante deja un comentario, el comentario y sus metadatos se almacenan indefinidamente. Esto es para que podamos reconocer y aprobar autom\u00e1ticamente cualquier comentario de seguimiento en lugar de mantenerlos en una cola para moderaci\u00f3n.<\/p>\n<p>Para los usuarios que se registran en nuestro sitio web, tambi\u00e9n almacenamos la informaci\u00f3n personal que proporcionan en su perfil de usuario. Todos los usuarios pueden ver, editar o eliminar su informaci\u00f3n personal en cualquier momento (excepto que no pueden cambiar su nombre de usuario).<\/p>\n<p>Los administradores del sitio web tambi\u00e9n pueden ver y editar esa informaci\u00f3n.<\/p>\n<p><strong>\u00bfQu\u00e9 derechos tienes sobre tus datos?<\/strong><\/p>\n<p>Si un visitante se ha registrado en este sitio o ha dejado comentarios, puede solicitar un archivo de exportaci\u00f3n de los datos personales que tenemos sobre \u00e9l, incluidos los datos que nos ha proporcionado. Tambi\u00e9n puede solicitar que eliminemos los datos personales que tenemos sobre \u00e9l. Esto no se aplica a los datos que estamos obligados a conservar con fines administrativos, legales o de seguridad.<\/p>\n<p><strong>Donde enviamos tus datos<\/strong><\/p>\n<p>Los comentarios de los visitantes pueden ser revisados por un servicio de detecci\u00f3n autom\u00e1tica de spam.<\/p>\n<p><strong>Tu informaci\u00f3n de contacto<\/strong><\/p>\n<p>Cuando los usuarios completan el formulario de contacto o se registran para acceder al Vadem\u00e9cum, recopilamos su informaci\u00f3n de contacto \u00fanicamente para realizar un seguimiento de qui\u00e9n visita el Vadem\u00e9cum y enviar actualizaciones y\/o un bolet\u00edn ocasional.<\/p>\n<p><strong>Informaci\u00f3n Adicional<\/strong><\/p>\n<p><strong>C\u00f3mo protegemos sus datos<\/strong><\/p>\n<p>Los datos de los visitantes se almacenan en nuestros servidores, que est\u00e1n protegidos con varios programas de encriptaci\u00f3n y antipirater\u00eda.<br \/>Qu\u00e9 procedimientos utilizamos en caso de violaci\u00f3n de datos<br \/>En caso de violaci\u00f3n de datos, se informar\u00e1 a los visitantes cuyos datos hayamos almacenado.<\/p>\n<p><strong>Qu\u00e9 toma de decisiones automatizada y\/o elaboraci\u00f3n de perfiles hacemos con los datos de los usuarios<\/strong><\/p>\n<p>Un usuario puede registrarse para acceder a la p\u00e1gina de la cuenta en este sitio. Una vez que hayan ingresado su nombre y direcci\u00f3n de correo electr\u00f3nico y hayan hecho clic en &quot;enviar&quot;, ser\u00e1n redirigidos autom\u00e1ticamente a la p\u00e1gina de la cuenta. Recopilamos su informaci\u00f3n de contacto \u00fanicamente para realizar un seguimiento de qui\u00e9n visita el sitio web y enviar actualizaciones y\/o boletines informativos o campa\u00f1as de marketing similares.<\/p>\n<p><strong>Requisitos de divulgaci\u00f3n reglamentaria de la industria<\/strong><\/p>\t\t\t\t\t\t\t\t<\/div>\n\t\t\t\t<\/div>\n\t\t\t\t\t<\/div>\n\t\t<\/div>\n\t\t\t\t\t<\/div>\n\t\t<\/section>\n\t\t\t\t<section class=\"elementor-section elementor-top-section elementor-element elementor-element-40c2a907 elementor-section-boxed elementor-section-height-default elementor-section-height-default\" data-id=\"40c2a907\" data-element_type=\"section\" data-e-type=\"section\">\n\t\t\t\t\t\t<div class=\"elementor-container elementor-column-gap-default\">\n\t\t\t\t\t<div class=\"elementor-column elementor-col-100 elementor-top-column elementor-element elementor-element-741b51f5\" data-id=\"741b51f5\" data-element_type=\"column\" data-e-type=\"column\">\n\t\t\t<div class=\"elementor-widget-wrap elementor-element-populated\">\n\t\t\t\t\t\t<div class=\"elementor-element elementor-element-37a52877 elementor-widget elementor-widget-spacer\" data-id=\"37a52877\" data-element_type=\"widget\" data-e-type=\"widget\" data-widget_type=\"spacer.default\">\n\t\t\t\t<div class=\"elementor-widget-container\">\n\t\t\t\t\t\t\t<div class=\"elementor-spacer\">\n\t\t\t<div class=\"elementor-spacer-inner\"><\/div>\n\t\t<\/div>\n\t\t\t\t\t\t<\/div>\n\t\t\t\t<\/div>\n\t\t\t\t\t<\/div>\n\t\t<\/div>\n\t\t\t\t\t<\/div>\n\t\t<\/section>\n\t\t\t\t<section class=\"elementor-section elementor-top-section elementor-element elementor-element-75fdb391 elementor-section-boxed elementor-section-height-default elementor-section-height-default\" data-id=\"75fdb391\" data-element_type=\"section\" data-e-type=\"section\">\n\t\t\t\t\t\t<div class=\"elementor-container elementor-column-gap-default\">\n\t\t\t\t\t<div class=\"elementor-column elementor-col-100 elementor-top-column elementor-element elementor-element-1e337e2d\" data-id=\"1e337e2d\" data-element_type=\"column\" data-e-type=\"column\">\n\t\t\t<div class=\"elementor-widget-wrap elementor-element-populated\">\n\t\t\t\t\t\t<div class=\"elementor-element elementor-element-75e3e10b elementor-widget elementor-widget-spacer\" data-id=\"75e3e10b\" data-element_type=\"widget\" data-e-type=\"widget\" data-widget_type=\"spacer.default\">\n\t\t\t\t<div class=\"elementor-widget-container\">\n\t\t\t\t\t\t\t<div class=\"elementor-spacer\">\n\t\t\t<div class=\"elementor-spacer-inner\"><\/div>\n\t\t<\/div>\n\t\t\t\t\t\t<\/div>\n\t\t\t\t<\/div>\n\t\t\t\t\t<\/div>\n\t\t<\/div>\n\t\t\t\t\t<\/div>\n\t\t<\/section>\n\t\t\t\t<\/div>","protected":false},"excerpt":{"rendered":"<p>Privacy beleid Terracotta TCM Europe B.V.Raadhuisplein 42042LR ZandvoortThe Netherlands+31 23 5713020 Ons website-adres is: https:\/\/www.terracottatcm.com. Welke persoonsgegevens we verzamelen en waarom we ze verzamelen Reacties Wanneer bezoekers commentaar achterlaten op de site verzamelen we de gegevens die in het commentaarformulier worden getoond, en ook het IP-adres en de gebruikersagentstring van de browser van de bezoeker [&hellip;]<\/p>\n","protected":false},"author":1,"featured_media":0,"parent":0,"menu_order":0,"comment_status":"closed","ping_status":"closed","template":"","meta":{"_acf_changed":false,"_seopress_robots_primary_cat":"","_seopress_titles_title":"","_seopress_titles_desc":"","_seopress_robots_index":"","footnotes":""},"class_list":["post-398","page","type-page","status-publish","hentry"],"acf":[],"_links":{"self":[{"href":"https:\/\/www.terracottatcm.com\/es\/wp-json\/wp\/v2\/pages\/398","targetHints":{"allow":["GET"]}}],"collection":[{"href":"https:\/\/www.terracottatcm.com\/es\/wp-json\/wp\/v2\/pages"}],"about":[{"href":"https:\/\/www.terracottatcm.com\/es\/wp-json\/wp\/v2\/types\/page"}],"author":[{"embeddable":true,"href":"https:\/\/www.terracottatcm.com\/es\/wp-json\/wp\/v2\/users\/1"}],"replies":[{"embeddable":true,"href":"https:\/\/www.terracottatcm.com\/es\/wp-json\/wp\/v2\/comments?post=398"}],"version-history":[{"count":0,"href":"https:\/\/www.terracottatcm.com\/es\/wp-json\/wp\/v2\/pages\/398\/revisions"}],"wp:attachment":[{"href":"https:\/\/www.terracottatcm.com\/es\/wp-json\/wp\/v2\/media?parent=398"}],"curies":[{"name":"gracias","href":"https:\/\/api.w.org\/{rel}","templated":true}]}}