{"id":398,"date":"2018-10-04T16:00:42","date_gmt":"2018-10-04T14:00:42","guid":{"rendered":"http:\/\/web054tc.vasst-coding.nl\/?page_id=398"},"modified":"2024-10-18T15:16:09","modified_gmt":"2024-10-18T13:16:09","slug":"privacybeleid","status":"publish","type":"page","link":"https:\/\/www.terracottatcm.com\/de\/datenschutz-bestimmungen\/","title":{"rendered":"Datenschutz-Bestimmungen"},"content":{"rendered":"<div data-elementor-type=\"wp-page\" data-elementor-id=\"398\" class=\"elementor elementor-398\" data-elementor-post-type=\"page\">\n\t\t\t\t\t\t<section class=\"elementor-section elementor-top-section elementor-element elementor-element-8554f4f bgblack sec1 elementor-section-boxed elementor-section-height-default elementor-section-height-default\" data-id=\"8554f4f\" data-element_type=\"section\" data-e-type=\"section\" data-settings=\"{&quot;background_background&quot;:&quot;classic&quot;}\">\n\t\t\t\t\t\t\t<div class=\"elementor-background-overlay\"><\/div>\n\t\t\t\t\t\t\t<div class=\"elementor-container elementor-column-gap-default\">\n\t\t\t\t\t<div class=\"elementor-column elementor-col-50 elementor-top-column elementor-element elementor-element-16e8aa9d\" data-id=\"16e8aa9d\" data-element_type=\"column\" data-e-type=\"column\" data-settings=\"{&quot;background_background&quot;:&quot;classic&quot;}\">\n\t\t\t<div class=\"elementor-widget-wrap elementor-element-populated\">\n\t\t\t\t\t\t\t<\/div>\n\t\t<\/div>\n\t\t\t\t<div class=\"elementor-column elementor-col-50 elementor-top-column elementor-element elementor-element-3add03a5\" data-id=\"3add03a5\" data-element_type=\"column\" data-e-type=\"column\">\n\t\t\t<div class=\"elementor-widget-wrap\">\n\t\t\t\t\t\t\t<\/div>\n\t\t<\/div>\n\t\t\t\t\t<\/div>\n\t\t<\/section>\n\t\t\t\t<section class=\"elementor-section elementor-top-section elementor-element elementor-element-52583454 elementor-section-full_width divider-inner elementor-section-height-default elementor-section-height-default\" data-id=\"52583454\" data-element_type=\"section\" data-e-type=\"section\" data-settings=\"{&quot;background_background&quot;:&quot;classic&quot;}\">\n\t\t\t\t\t\t<div class=\"elementor-container elementor-column-gap-default\">\n\t\t\t\t\t<div class=\"elementor-column elementor-col-100 elementor-top-column elementor-element elementor-element-784045a5\" data-id=\"784045a5\" data-element_type=\"column\" data-e-type=\"column\">\n\t\t\t<div class=\"elementor-widget-wrap elementor-element-populated\">\n\t\t\t\t\t\t<div class=\"elementor-element elementor-element-17b311a8 elementor-widget elementor-widget-spacer\" data-id=\"17b311a8\" data-element_type=\"widget\" data-e-type=\"widget\" data-widget_type=\"spacer.default\">\n\t\t\t\t<div class=\"elementor-widget-container\">\n\t\t\t\t\t\t\t<div class=\"elementor-spacer\">\n\t\t\t<div class=\"elementor-spacer-inner\"><\/div>\n\t\t<\/div>\n\t\t\t\t\t\t<\/div>\n\t\t\t\t<\/div>\n\t\t\t\t\t<\/div>\n\t\t<\/div>\n\t\t\t\t\t<\/div>\n\t\t<\/section>\n\t\t\t\t<section class=\"elementor-section elementor-top-section elementor-element elementor-element-17388e71 elementor-section-boxed elementor-section-height-default elementor-section-height-default\" data-id=\"17388e71\" data-element_type=\"section\" data-e-type=\"section\">\n\t\t\t\t\t\t<div class=\"elementor-container elementor-column-gap-default\">\n\t\t\t\t\t<div class=\"elementor-column elementor-col-100 elementor-top-column elementor-element elementor-element-76bd1546\" data-id=\"76bd1546\" data-element_type=\"column\" data-e-type=\"column\">\n\t\t\t<div class=\"elementor-widget-wrap elementor-element-populated\">\n\t\t\t\t\t\t<div class=\"elementor-element elementor-element-e6b0dfa elementor-widget elementor-widget-heading\" data-id=\"e6b0dfa\" data-element_type=\"widget\" data-e-type=\"widget\" data-widget_type=\"heading.default\">\n\t\t\t\t<div class=\"elementor-widget-container\">\n\t\t\t\t\t<h2 class=\"elementor-heading-title elementor-size-default\">Datenschutzrichtlinie<\/h2>\t\t\t\t<\/div>\n\t\t\t\t<\/div>\n\t\t\t\t<div class=\"elementor-element elementor-element-12a3d63 elementor-widget elementor-widget-text-editor\" data-id=\"12a3d63\" data-element_type=\"widget\" data-e-type=\"widget\" data-widget_type=\"text-editor.default\">\n\t\t\t\t<div class=\"elementor-widget-container\">\n\t\t\t\t\t\t\t\t\t<p><strong>Terrakotta TCM Europe BV<\/strong><br \/>Raadhuisplein 4<br \/>2042LR Zandvoort<br \/>die Niederlande<br \/>+31 23 5713020<\/p>\n<p>Unsere Website-Adresse lautet: https:\/\/www.terracottatcm.com.<\/p>\n<p><strong>Welche personenbezogenen Daten wir erheben und warum wir sie erheben<\/strong><\/p>\n<p><strong>Kommentare<\/strong><\/p>\n<p>Wenn Besucher Kommentare auf der Website hinterlassen, erfassen wir die im Kommentarformular angezeigten Informationen sowie die IP-Adresse und den User-Agent-String des Browsers des Besuchers, um die Spam-Erkennung zu unterst\u00fctzen.<br \/>Eine aus Ihrer E-Mail-Adresse erstellte anonymisierte Zeichenfolge (auch als Hash bezeichnet) kann dem Gravatar-Dienst zur Verf\u00fcgung gestellt werden, um festzustellen, ob Sie sie verwenden. Die Datenschutzerkl\u00e4rung des Gravatar-Dienstes finden Sie hier: https:\/\/automattic.com\/privacy\/. Nach Freigabe Ihres Kommentars wird Ihr Profilbild \u00f6ffentlich im Kontext Ihres Kommentars sichtbar.<\/p>\n<p><strong>Medien<\/strong><\/p>\n<p>Vermeiden Sie beim Hochladen von Bildern auf die Website das Hochladen von Bildern mit eingebetteten Standortdaten (EXIF GPS). Besucher der Website k\u00f6nnen alle Standortdaten von Bildern auf der Website herunterladen und extrahieren.<\/p>\n<p><strong>Kontaktformulare<\/strong><\/p>\n<p>Wenn Besucher unser Kontaktformular ausf\u00fcllen, erscheinen ihre E-Mail-Adresse und ihr Name in der E-Mail, die an die Website-Administratoren gesendet wird. Diese Informationen werden nur verwendet, um auf Ihre Nachrichten zu antworten, und werden niemals an Dritte weitergegeben.<\/p>\n<p><strong>Kekse<\/strong><\/p>\n<p>Wenn Sie einen Kommentar auf unserer Website hinterlassen, k\u00f6nnen Sie Ihren Namen, Ihre E-Mail-Adresse und Ihre Website in Cookies speichern. Diese dienen Ihrer Bequemlichkeit, damit Sie Ihre Daten nicht erneut eingeben m\u00fcssen, wenn Sie das n\u00e4chste Mal einen Kommentar hinterlassen. Diese Cookies werden f\u00fcr ein Jahr gespeichert.<\/p>\n<p>Wenn Sie unsere Anmeldeseite besuchen, platzieren wir ein tempor\u00e4res Cookie, um festzustellen, ob Ihr Browser Cookies akzeptiert. Dieses Cookie enth\u00e4lt keine personenbezogenen Daten und wird gel\u00f6scht, wenn Sie Ihren Browser schlie\u00dfen.<\/p>\n<p>Wenn Sie sich anmelden, platzieren wir au\u00dferdem eine Reihe von Cookies, um Ihre Anmeldedaten und Ihre Bildschirmauswahl zu speichern. Anmelde-Cookies sind zwei Tage und Bildschirmauswahl-Cookies ein Jahr lang g\u00fcltig. Wenn Sie \u201eAngemeldet bleiben\u201c ausw\u00e4hlen, bleibt Ihr Login zwei Wochen lang bestehen. Wenn Sie sich von Ihrem Konto abmelden, werden die Anmeldecookies gel\u00f6scht.<\/p>\n<p>Wenn Sie einen Artikel bearbeiten oder ver\u00f6ffentlichen, wird ein zus\u00e4tzlicher Cookie in Ihrem Browser gespeichert. Dieses Cookie enth\u00e4lt keine pers\u00f6nlichen Informationen und zeigt nur die Beitrags-ID des Artikels an, den Sie gerade bearbeitet haben. Es verf\u00e4llt nach 1 Tag.<\/p>\n<p><strong>Eingebettete Inhalte von anderen Websites<\/strong><\/p>\n<p>Artikel auf dieser Website k\u00f6nnen eingebettete Inhalte enthalten (z. B. Videos, Bilder, Artikel usw.). Eingebettete Inhalte von anderen Websites verhalten sich genauso, als ob der Besucher die andere Website besucht h\u00e4tte.<\/p>\n<p>Diese Websites von Drittanbietern k\u00f6nnen Daten \u00fcber Sie sammeln, Cookies verwenden, zus\u00e4tzliches Tracking von Drittanbietern einbetten und Ihre Interaktion mit diesen eingebetteten Inhalten verfolgen, einschlie\u00dflich Tracking<\/p>\n<p><strong>Ihre Interaktion mit dem eingebetteten Inhalt, wenn Sie ein Konto haben und auf dieser Website angemeldet sind.<\/strong><\/p>\n<p><strong>Analytik<\/strong><\/p>\n<p>Wir verwenden Zoho Analytics, um festzustellen, wie viele Besucher auf diese Website kommen, aus welcher Region der Welt sie kommen und welche spezifischen Seiten sie besuchen.<\/p>\n<p><strong>Mit wem teilen wir Ihre Daten?<\/strong><\/p>\n<p>F\u00fcr Benutzer, die sich auf dieser Website registrieren, werden ihre pers\u00f6nlichen Daten wie Name und E-Mail-Adresse an den Webmaster und die Administratoren dieser Website weitergegeben, um zu verfolgen, wer die Kontoseite besucht, und um Updates und\/oder einen gelegentlichen Newsletter oder andere Marketingma\u00dfnahmen zu senden Kampagnen.<\/p>\n<p>Wenn ein Besucher eine Anfrage zum Zur\u00fccksetzen seines Passworts sendet, wird seine IP-Adresse in der Zur\u00fccksetzungs-E-Mail enthalten sein.<\/p>\n<p><strong>Wie lange wir Ihre Daten aufbewahren<\/strong><\/p>\n<p>Wenn ein Besucher einen Kommentar hinterl\u00e4sst, werden der Kommentar und seine Metadaten unbegrenzt gespeichert. Auf diese Weise k\u00f6nnen wir Folgekommentare automatisch erkennen und genehmigen, anstatt sie zur Moderation in einer Warteschlange festzuhalten.<\/p>\n<p>F\u00fcr Benutzer, die sich auf unserer Website registrieren, speichern wir auch die pers\u00f6nlichen Informationen, die sie in ihrem Benutzerprofil angeben. Alle Benutzer k\u00f6nnen ihre pers\u00f6nlichen Daten jederzeit einsehen, bearbeiten oder l\u00f6schen (au\u00dfer sie k\u00f6nnen ihren Benutzernamen nicht \u00e4ndern).<\/p>\n<p>Website-Administratoren k\u00f6nnen diese Informationen auch anzeigen und bearbeiten.<\/p>\n<p><strong>Welche Rechte haben Sie an Ihren Daten?<\/strong><\/p>\n<p>Wenn sich ein Besucher auf dieser Website registriert oder Kommentare hinterlassen hat, kann er eine exportierte Datei der personenbezogenen Daten anfordern, die wir \u00fcber ihn gespeichert haben, einschlie\u00dflich der Daten, die er uns zur Verf\u00fcgung gestellt hat. Er kann auch verlangen, dass wir die personenbezogenen Daten l\u00f6schen, die wir \u00fcber ihn gespeichert haben. Dies gilt nicht f\u00fcr Daten, zu deren Aufbewahrung wir aus administrativen, rechtlichen oder Sicherheitsgr\u00fcnden verpflichtet sind.<\/p>\n<p><strong>Wohin wir Ihre Daten senden<\/strong><\/p>\n<p>Besucher-Kommentare k\u00f6nnten von einem automatisierten Dienst zur Spam-Erkennung untersucht werden.<\/p>\n<p><strong>Ihre Kontaktinformationen<\/strong><\/p>\n<p>Wenn Benutzer das Kontaktformular ausf\u00fcllen oder sich f\u00fcr den Zugriff auf das Vademekum registrieren, erfassen wir ihre Kontaktinformationen ausschlie\u00dflich, um zu verfolgen, wer das Vademekum besucht, und um Updates und\/oder einen gelegentlichen Newsletter zu versenden.<\/p>\n<p><strong>Zus\u00e4tzliche Information<\/strong><\/p>\n<p><strong>Wie sch\u00fctzen wir Ihre Daten<\/strong><\/p>\n<p>Besucherdaten werden auf unseren Servern gespeichert, die mit verschiedener Verschl\u00fcsselungs- und Anti-Hacking-Software gesichert sind.<br \/>Welche Verfahren wenden wir im Falle einer Datenschutzverletzung an?<br \/>Im Falle einer Datenschutzverletzung werden die Besucher, deren Daten wir gespeichert haben, informiert.<\/p>\n<p><strong>Welche automatisierte Entscheidungsfindung und\/oder Profilerstellung wir mit Benutzerdaten durchf\u00fchren<\/strong><\/p>\n<p>Ein Benutzer kann sich registrieren, um auf die Kontoseite dieser Website zuzugreifen. Nachdem sie ihren Namen und ihre E-Mail-Adresse eingegeben und auf \u201eSenden\u201c geklickt haben, werden sie automatisch zur Kontoseite weitergeleitet. Wir erfassen ihre Kontaktinformationen ausschlie\u00dflich, um zu verfolgen, wer die Website besucht, und um Updates und\/oder Newsletter oder \u00e4hnliche Marketingkampagnen zu versenden.<\/p>\n<p><strong>Beh\u00f6rdliche Offenlegungsanforderungen der Branche<\/strong><\/p>\t\t\t\t\t\t\t\t<\/div>\n\t\t\t\t<\/div>\n\t\t\t\t\t<\/div>\n\t\t<\/div>\n\t\t\t\t\t<\/div>\n\t\t<\/section>\n\t\t\t\t<section class=\"elementor-section elementor-top-section elementor-element elementor-element-40c2a907 elementor-section-boxed elementor-section-height-default elementor-section-height-default\" data-id=\"40c2a907\" data-element_type=\"section\" data-e-type=\"section\">\n\t\t\t\t\t\t<div class=\"elementor-container elementor-column-gap-default\">\n\t\t\t\t\t<div class=\"elementor-column elementor-col-100 elementor-top-column elementor-element elementor-element-741b51f5\" data-id=\"741b51f5\" data-element_type=\"column\" data-e-type=\"column\">\n\t\t\t<div class=\"elementor-widget-wrap elementor-element-populated\">\n\t\t\t\t\t\t<div class=\"elementor-element elementor-element-37a52877 elementor-widget elementor-widget-spacer\" data-id=\"37a52877\" data-element_type=\"widget\" data-e-type=\"widget\" data-widget_type=\"spacer.default\">\n\t\t\t\t<div class=\"elementor-widget-container\">\n\t\t\t\t\t\t\t<div class=\"elementor-spacer\">\n\t\t\t<div class=\"elementor-spacer-inner\"><\/div>\n\t\t<\/div>\n\t\t\t\t\t\t<\/div>\n\t\t\t\t<\/div>\n\t\t\t\t\t<\/div>\n\t\t<\/div>\n\t\t\t\t\t<\/div>\n\t\t<\/section>\n\t\t\t\t<section class=\"elementor-section elementor-top-section elementor-element elementor-element-75fdb391 elementor-section-boxed elementor-section-height-default elementor-section-height-default\" data-id=\"75fdb391\" data-element_type=\"section\" data-e-type=\"section\">\n\t\t\t\t\t\t<div class=\"elementor-container elementor-column-gap-default\">\n\t\t\t\t\t<div class=\"elementor-column elementor-col-100 elementor-top-column elementor-element elementor-element-1e337e2d\" data-id=\"1e337e2d\" data-element_type=\"column\" data-e-type=\"column\">\n\t\t\t<div class=\"elementor-widget-wrap elementor-element-populated\">\n\t\t\t\t\t\t<div class=\"elementor-element elementor-element-75e3e10b elementor-widget elementor-widget-spacer\" data-id=\"75e3e10b\" data-element_type=\"widget\" data-e-type=\"widget\" data-widget_type=\"spacer.default\">\n\t\t\t\t<div class=\"elementor-widget-container\">\n\t\t\t\t\t\t\t<div class=\"elementor-spacer\">\n\t\t\t<div class=\"elementor-spacer-inner\"><\/div>\n\t\t<\/div>\n\t\t\t\t\t\t<\/div>\n\t\t\t\t<\/div>\n\t\t\t\t\t<\/div>\n\t\t<\/div>\n\t\t\t\t\t<\/div>\n\t\t<\/section>\n\t\t\t\t<\/div>","protected":false},"excerpt":{"rendered":"<p>Privacy beleid Terracotta TCM Europe B.V.Raadhuisplein 42042LR ZandvoortThe Netherlands+31 23 5713020 Ons website-adres is: https:\/\/www.terracottatcm.com. Welke persoonsgegevens we verzamelen en waarom we ze verzamelen Reacties Wanneer bezoekers commentaar achterlaten op de site verzamelen we de gegevens die in het commentaarformulier worden getoond, en ook het IP-adres en de gebruikersagentstring van de browser van de bezoeker [&hellip;]<\/p>\n","protected":false},"author":1,"featured_media":0,"parent":0,"menu_order":0,"comment_status":"closed","ping_status":"closed","template":"","meta":{"_acf_changed":false,"_seopress_robots_primary_cat":"","_seopress_titles_title":"","_seopress_titles_desc":"","_seopress_robots_index":"","footnotes":""},"class_list":["post-398","page","type-page","status-publish","hentry"],"acf":[],"_links":{"self":[{"href":"https:\/\/www.terracottatcm.com\/de\/wp-json\/wp\/v2\/pages\/398","targetHints":{"allow":["GET"]}}],"collection":[{"href":"https:\/\/www.terracottatcm.com\/de\/wp-json\/wp\/v2\/pages"}],"about":[{"href":"https:\/\/www.terracottatcm.com\/de\/wp-json\/wp\/v2\/types\/page"}],"author":[{"embeddable":true,"href":"https:\/\/www.terracottatcm.com\/de\/wp-json\/wp\/v2\/users\/1"}],"replies":[{"embeddable":true,"href":"https:\/\/www.terracottatcm.com\/de\/wp-json\/wp\/v2\/comments?post=398"}],"version-history":[{"count":0,"href":"https:\/\/www.terracottatcm.com\/de\/wp-json\/wp\/v2\/pages\/398\/revisions"}],"wp:attachment":[{"href":"https:\/\/www.terracottatcm.com\/de\/wp-json\/wp\/v2\/media?parent=398"}],"curies":[{"name":"wp","href":"https:\/\/api.w.org\/{rel}","templated":true}]}}